{"id":2420,"date":"2022-12-23T01:27:38","date_gmt":"2022-12-23T05:27:38","guid":{"rendered":"https:\/\/polarbearfoundation.org\/estado-de-la-investigacion-sobre-el-nervio-vago\/"},"modified":"2023-01-31T21:21:59","modified_gmt":"2023-02-01T01:21:59","slug":"estado-de-la-investigacion-sobre-el-nervio-vago","status":"publish","type":"page","link":"https:\/\/polarbearfoundation.org\/es\/estado-de-la-investigacion-sobre-el-nervio-vago\/","title":{"rendered":"Estado de la investigaci\u00f3n sobre el nervio vago"},"content":{"rendered":"\t\t<div data-elementor-type=\"wp-page\" data-elementor-id=\"2420\" class=\"elementor elementor-2420 elementor-1648\">\n\t\t\t\t\t\t<section class=\"elementor-section elementor-top-section elementor-element elementor-element-a759056 elementor-section-boxed elementor-section-height-default elementor-section-height-default\" data-id=\"a759056\" data-element_type=\"section\" data-e-type=\"section\">\n\t\t\t\t\t\t<div class=\"elementor-container elementor-column-gap-default\">\n\t\t\t\t\t<div class=\"elementor-column elementor-col-100 elementor-top-column elementor-element elementor-element-21b286b\" data-id=\"21b286b\" data-element_type=\"column\" data-e-type=\"column\">\n\t\t\t<div class=\"elementor-widget-wrap elementor-element-populated\">\n\t\t\t\t\t\t<div class=\"elementor-element elementor-element-3e2060c elementor-widget elementor-widget-heading\" data-id=\"3e2060c\" data-element_type=\"widget\" data-e-type=\"widget\" data-widget_type=\"heading.default\">\n\t\t\t\t<div class=\"elementor-widget-container\">\n\t\t\t\t\t<h2 class=\"elementor-heading-title elementor-size-default\">El nervio vago, el m\u00e1s importante &amp;<br>nervio m\u00e1s largo del cuerpo.<\/h2>\t\t\t\t<\/div>\n\t\t\t\t<\/div>\n\t\t\t\t<section class=\"elementor-section elementor-inner-section elementor-element elementor-element-6e2459a elementor-section-boxed elementor-section-height-default elementor-section-height-default\" data-id=\"6e2459a\" data-element_type=\"section\" data-e-type=\"section\">\n\t\t\t\t\t\t<div class=\"elementor-container elementor-column-gap-default\">\n\t\t\t\t\t<div class=\"elementor-column elementor-col-50 elementor-inner-column elementor-element elementor-element-54b131a\" data-id=\"54b131a\" data-element_type=\"column\" data-e-type=\"column\">\n\t\t\t<div class=\"elementor-widget-wrap elementor-element-populated\">\n\t\t\t\t\t\t<div class=\"elementor-element elementor-element-a21103e elementor-widget elementor-widget-text-editor\" data-id=\"a21103e\" data-element_type=\"widget\" data-e-type=\"widget\" data-widget_type=\"text-editor.default\">\n\t\t\t\t<div class=\"elementor-widget-container\">\n\t\t\t\t\t\t\t\t\t<p><b>La estimulaci\u00f3n no invasiva del nervio vago (ENVN) es un m\u00e9todo de tratamiento que consiste en estimular el nervio vago de forma no invasiva, normalmente mediante el uso de un dispositivo que env\u00eda impulsos el\u00e9ctricos al nervio.<\/b> La ENVN es un tratamiento experimental que se est\u00e1 estudiando para diversas afecciones, como la depresi\u00f3n, la ansiedad y el dolor cr\u00f3nico.<\/p>\n<p><b>La investigaci\u00f3n sobre el SNVn lleva varios a\u00f1os en marcha.<\/b> (desde 1979), y los resultados de los estudios han sido dispares. <b>Algunos estudios han sugerido que la ENVN puede ser eficaz para reducir los s\u00edntomas de depresi\u00f3n y ansiedad, mientras que otros no han encontrado mejoras significativas.<\/b><\/p>\n<p>Uno de los retos del estudio de la ENVN es que no est\u00e1 claro c\u00f3mo funciona el tratamiento. Se cree que la ENVN puede actuar activando determinadas v\u00edas cerebrales implicadas en la regulaci\u00f3n del estado de \u00e1nimo, pero no se conocen bien los mecanismos exactos.<\/p>\n<p><span style=\"color: var( --e-global-color-text ); font-weight: var( --e-global-typography-text-font-weight ); letter-spacing: -0.2px;\">En general, el estado de la investigaci\u00f3n sobre las nVNS est\u00e1 a\u00fan en sus primeras fases, y <\/span><span style=\"color: var( --e-global-color-text ); letter-spacing: -0.2px;\"><b>Se necesita m\u00e1s investigaci\u00f3n para comprender plenamente la eficacia y los mecanismos del tratamiento.<\/b><\/span><span style=\"color: var( --e-global-color-text ); font-weight: var( --e-global-typography-text-font-weight ); letter-spacing: -0.2px;\"> Aunque algunos estudios han sugerido que la ENVN puede ser \u00fatil para determinadas afecciones, <\/span><span style=\"color: var( --e-global-color-text ); letter-spacing: -0.2px;\"><b>Se necesita m\u00e1s investigaci\u00f3n para confirmar estos hallazgos y determinar el uso \u00f3ptimo de la ENVN en la pr\u00e1ctica cl\u00ednica.<\/b><\/span><\/p>\n<p><span style=\"color: var( --e-global-color-text ); font-weight: var( --e-global-typography-text-font-weight ); letter-spacing: -0.2px;\"> <\/span><span style=\"color: var( --e-global-color-text ); font-weight: var( --e-global-typography-text-font-weight ); letter-spacing: -0.2px;\">Como terapia neuromoduladora emergente, <\/span><strong style=\"color: var( --e-global-color-text ); letter-spacing: -0.2px;\">la estimulaci\u00f3n transcut\u00e1nea del nervio vago auricular (taVNS) ha demostrado ser segura y eficaz<\/strong><span style=\"color: var( --e-global-color-text ); font-weight: var( --e-global-typography-text-font-weight ); letter-spacing: -0.2px;\"> para la epilepsia,<\/span><strong style=\"color: var( --e-global-color-text ); letter-spacing: -0.2px;\"> trastornos depresivos mayores<\/strong><span style=\"color: var( --e-global-color-text ); font-weight: var( --e-global-typography-text-font-weight ); letter-spacing: -0.2px;\">insomnio, trastornos metab\u00f3licos de la glucosa, dolor, ictus, rehabilitaci\u00f3n tras un ictus, <\/span><strong style=\"color: var( --e-global-color-text ); letter-spacing: -0.2px;\">ansiedad<\/strong><span style=\"color: var( --e-global-color-text ); font-weight: var( --e-global-typography-text-font-weight ); letter-spacing: -0.2px;\">, miedo, deterioro cognitivo, trastornos cardiovasculares, tinnitus, s\u00edndrome de Prader-Willi y COVID-19.<\/span><\/p>\n<p><b style=\"color: var( --e-global-color-text ); letter-spacing: -0.2px;\">\u00c1reas cubiertas:<\/b><span style=\"color: var( --e-global-color-text ); font-weight: var( --e-global-typography-text-font-weight ); letter-spacing: -0.2px;\"> Aunque la historia de la taVNS es de s\u00f3lo dos d\u00e9cadas, los dispositivos portadores de la t\u00e9cnica taVNS se han actualizado constantemente. Especialmente en los \u00faltimos a\u00f1os, el desarrollo de dispositivos taVNS ha presentado una nueva tendencia. En conclusi\u00f3n,<\/span><span style=\"color: var( --e-global-color-text ); letter-spacing: -0.2px;\"><b> el desarrollo de dispositivos taVNS ha entrado en una nueva era, por lo que la velocidad de actualizaci\u00f3n y la calidad de los dispositivos taVNS mejorar\u00e1n considerablemente en el futuro. <\/b><\/span><span style=\"color: var( --e-global-color-text ); font-weight: var( --e-global-typography-text-font-weight ); letter-spacing: -0.2px;\"> <\/span><\/p>\n\t\t\t\t\t\t\t\t<\/div>\n\t\t\t\t<\/div>\n\t\t\t\t\t<\/div>\n\t\t<\/div>\n\t\t\t\t<div class=\"elementor-column elementor-col-50 elementor-inner-column elementor-element elementor-element-a0f587f\" data-id=\"a0f587f\" data-element_type=\"column\" data-e-type=\"column\">\n\t\t\t<div class=\"elementor-widget-wrap elementor-element-populated\">\n\t\t\t\t\t\t<div class=\"elementor-element elementor-element-39806a7 elementor-widget elementor-widget-image\" data-id=\"39806a7\" data-element_type=\"widget\" data-e-type=\"widget\" data-widget_type=\"image.default\">\n\t\t\t\t<div class=\"elementor-widget-container\">\n\t\t\t\t\t\t\t\t\t\t\t\t\t\t\t<img fetchpriority=\"high\" decoding=\"async\" width=\"445\" height=\"927\" src=\"https:\/\/polarbearfoundation.org\/wp-content\/uploads\/2022\/12\/112815_vagus_fullart_free.jpg\" class=\"attachment-large size-large wp-image-2485\" alt=\"Vagus nerve sketch\" srcset=\"https:\/\/polarbearfoundation.org\/wp-content\/uploads\/2022\/12\/112815_vagus_fullart_free.jpg 445w, https:\/\/polarbearfoundation.org\/wp-content\/uploads\/2022\/12\/112815_vagus_fullart_free-144x300.jpg 144w\" sizes=\"(max-width: 445px) 100vw, 445px\" \/>\t\t\t\t\t\t\t\t\t\t\t\t\t\t\t<\/div>\n\t\t\t\t<\/div>\n\t\t\t\t\t<\/div>\n\t\t<\/div>\n\t\t\t\t\t<\/div>\n\t\t<\/section>\n\t\t\t\t\t<\/div>\n\t\t<\/div>\n\t\t\t\t\t<\/div>\n\t\t<\/section>\n\t\t\t\t<section class=\"elementor-section elementor-top-section elementor-element elementor-element-5593daa elementor-section-boxed elementor-section-height-default elementor-section-height-default\" data-id=\"5593daa\" data-element_type=\"section\" data-e-type=\"section\">\n\t\t\t\t\t\t<div class=\"elementor-container elementor-column-gap-default\">\n\t\t\t\t\t<div class=\"elementor-column elementor-col-100 elementor-top-column elementor-element elementor-element-da7aade\" data-id=\"da7aade\" data-element_type=\"column\" data-e-type=\"column\">\n\t\t\t<div class=\"elementor-widget-wrap elementor-element-populated\">\n\t\t\t\t\t\t<div class=\"elementor-element elementor-element-11f6eee elementor-alert-success elementor-widget elementor-widget-alert\" data-id=\"11f6eee\" data-element_type=\"widget\" data-e-type=\"widget\" data-widget_type=\"alert.default\">\n\t\t\t\t<div class=\"elementor-widget-container\">\n\t\t\t\t\t\t\t<div class=\"elementor-alert\" role=\"alert\">\n\n\t\t\t\t\t\t<span class=\"elementor-alert-title\">\u00a1Tenemos un plan!<br><\/span>\n\t\t\t\n\t\t\t\t\t\t<span class=\"elementor-alert-description\"><p>La Fundaci\u00f3n Oso Polar se encargar\u00e1 de que as\u00ed sea.<br \/>Ensayos cl\u00ednicos<br \/><span style=\"letter-spacing: -0.2px\">Fase n\u00ba 1 : 2 horas al d\u00eda<\/span><br style=\"letter-spacing: -0.2px\"><span style=\"letter-spacing: -0.2px\">Fase #2 : 8 horas al d\u00eda (Noche y D\u00eda)<\/span><br style=\"letter-spacing: -0.2px\">Objetivo principal: se suministrar\u00e1 un dispositivo inteligente a los departamentos de Salud.<br \/>\n<br \/>-----<br \/><b>Una vez que hayamos terminado, todo el mundo tendr\u00e1 acceso a <u>un dispositivo inteligente<\/u> con <u>un protocolo de estimulaci\u00f3n personalizado<\/u> que se <u>har\u00e1 desde casa<\/u>.<br \/>\n<\/b><\/p>\n<\/span>\n\t\t\t\n\t\t\t\t\t\t<button type=\"button\" class=\"elementor-alert-dismiss\" aria-label=\"Dismiss this alert.\">\n\t\t\t\t<i aria-hidden=\"true\" class=\"far fa-file-alt\"><\/i>\t\t\t<\/button>\n\t\t\t\n\t\t<\/div>\n\t\t\t\t\t\t<\/div>\n\t\t\t\t<\/div>\n\t\t\t\t\t<\/div>\n\t\t<\/div>\n\t\t\t\t\t<\/div>\n\t\t<\/section>\n\t\t\t\t<\/div>\n\t\t","protected":false},"excerpt":{"rendered":"<p>El nervio vago, el m\u00e1s importante &amp;nervio m\u00e1s largo del cuerpo. La estimulaci\u00f3n no invasiva del nervio vago (ENVN) es un m\u00e9todo de tratamiento que consiste en estimular el nervio vago de forma no invasiva, normalmente mediante el uso de un dispositivo que env\u00eda impulsos el\u00e9ctricos al nervio. La ENVN es un tratamiento experimental que<\/p>\n","protected":false},"author":1,"featured_media":2200,"parent":0,"menu_order":0,"comment_status":"closed","ping_status":"closed","template":"","meta":{"_acf_changed":false,"give_campaign_id":0,"_coblocks_attr":"","_coblocks_dimensions":"","_coblocks_responsive_height":"","_coblocks_accordion_ie_support":"","footnotes":""},"class_list":["post-2420","page","type-page","status-publish","has-post-thumbnail","hentry"],"acf":[],"aioseo_notices":[],"campaignId":"","_links":{"self":[{"href":"https:\/\/polarbearfoundation.org\/es\/wp-json\/wp\/v2\/pages\/2420","targetHints":{"allow":["GET"]}}],"collection":[{"href":"https:\/\/polarbearfoundation.org\/es\/wp-json\/wp\/v2\/pages"}],"about":[{"href":"https:\/\/polarbearfoundation.org\/es\/wp-json\/wp\/v2\/types\/page"}],"author":[{"embeddable":true,"href":"https:\/\/polarbearfoundation.org\/es\/wp-json\/wp\/v2\/users\/1"}],"replies":[{"embeddable":true,"href":"https:\/\/polarbearfoundation.org\/es\/wp-json\/wp\/v2\/comments?post=2420"}],"version-history":[{"count":0,"href":"https:\/\/polarbearfoundation.org\/es\/wp-json\/wp\/v2\/pages\/2420\/revisions"}],"wp:featuredmedia":[{"embeddable":true,"href":"https:\/\/polarbearfoundation.org\/es\/wp-json\/wp\/v2\/media\/2200"}],"wp:attachment":[{"href":"https:\/\/polarbearfoundation.org\/es\/wp-json\/wp\/v2\/media?parent=2420"}],"curies":[{"name":"wp","href":"https:\/\/api.w.org\/{rel}","templated":true}]}}