{"id":1881,"date":"2020-02-25T07:55:39","date_gmt":"2020-02-25T11:55:39","guid":{"rendered":"https:\/\/polarbearfoundation.org\/qui-sommes-nous\/"},"modified":"2023-01-20T23:32:35","modified_gmt":"2023-01-21T03:32:35","slug":"qui-sommes-nous","status":"publish","type":"page","link":"https:\/\/polarbearfoundation.org\/fr\/qui-sommes-nous\/","title":{"rendered":"L&rsquo;\u00e9quipe"},"content":{"rendered":"\t\t<div data-elementor-type=\"wp-page\" data-elementor-id=\"1881\" class=\"elementor elementor-1881 elementor-675\">\n\t\t\t\t\t\t<section class=\"elementor-section elementor-top-section elementor-element elementor-element-fa1d17e elementor-section-boxed elementor-section-height-default elementor-section-height-default\" data-id=\"fa1d17e\" data-element_type=\"section\" data-e-type=\"section\">\n\t\t\t\t\t\t<div class=\"elementor-container elementor-column-gap-default\">\n\t\t\t\t\t<div class=\"elementor-column elementor-col-100 elementor-top-column elementor-element elementor-element-7babea8\" data-id=\"7babea8\" data-element_type=\"column\" data-e-type=\"column\">\n\t\t\t<div class=\"elementor-widget-wrap elementor-element-populated\">\n\t\t\t\t\t\t<div class=\"elementor-element elementor-element-f44efb8 elementor-widget elementor-widget-sc-heading\" data-id=\"f44efb8\" data-element_type=\"widget\" data-e-type=\"widget\" data-widget_type=\"sc-heading.default\">\n\t\t\t\t<div class=\"elementor-widget-container\">\n\t\t\t\t\t\t\t<div id=\"wt-at-f44efb8\" class=\"headng-wrap center\">\r\n\t\t\t<div class=\"section-heading\">\r\n\t\t\t\t\t\t\t\t\t\t\t<h2\r\n\t\t\t\t\t\t\t\t>Motiv\u00e9e.<\/h2>\r\n\t\t\t\t\t\t\t\t\t\t\t\t<p\r\n\t\t\t\t\t\t\t\t>L'\u00e9quipe de la <b>Fondation de l'ours blanc <\/b>a pour mission de faire progresser le domaine de la stimulation non invasive du nerf vague (nVNS) et d'apporter cette th\u00e9rapie innovante au plus grand nombre de personnes possible. Notre \u00e9quipe est compos\u00e9e d'<b>experts scientifiques<\/b> ayant une compr\u00e9hension approfondie de la nVNS, ainsi que d'un <b>ost\u00e9opathe<\/b> qui apporte son expertise dans le fonctionnement du corps. <br>En outre, nous avons un <b>expert en neurostimulation<\/b> dans notre \u00e9quipe qui est capable d'appliquer ses connaissances et ses comp\u00e9tences pour nous aider \u00e0 atteindre nos objectifs.\n\n\u00c0 la Fondation Polar Bear, nous nous engageons \u00e0 aborder des questions complexes et \u00e0 trouver des moyens de les rendre accessibles et compr\u00e9hensibles pour tous. Nous pensons que le nVNS a le potentiel d'avoir un impact significatif sur la sant\u00e9 et le bien-\u00eatre des gens, et <b>nous sommes reconnaissants \u00e0 nos donateurs de nous aider \u00e0 en faire une r\u00e9alit\u00e9.<\/b><br><b>Ensemble, nous travaillons pour apporter cette th\u00e9rapie de pointe aux personnes qui en ont le plus besoin.<\/b><\/p>\r\n\t\t\t\t\t\t\t<\/div>\r\n\t\t<\/div>\r\n\r\n\t\t\t\t\t\t<\/div>\n\t\t\t\t<\/div>\n\t\t\t\t\t<\/div>\n\t\t<\/div>\n\t\t\t\t\t<\/div>\n\t\t<\/section>\n\t\t\t\t<\/div>\n\t\t","protected":false},"excerpt":{"rendered":"<p>Motiv\u00e9e. L&rsquo;\u00e9quipe de la Fondation de l&rsquo;ours blanc a pour mission de faire progresser le domaine de la stimulation non invasive du nerf vague (nVNS) et d&rsquo;apporter cette th\u00e9rapie innovante au plus grand nombre de personnes possible. Notre \u00e9quipe est compos\u00e9e d&rsquo;experts scientifiques ayant une compr\u00e9hension approfondie de la nVNS, ainsi que d&rsquo;un ost\u00e9opathe qui<\/p>\n","protected":false},"author":1,"featured_media":2802,"parent":0,"menu_order":0,"comment_status":"closed","ping_status":"closed","template":"empty-template.php","meta":{"_acf_changed":false,"give_campaign_id":0,"_coblocks_attr":"","_coblocks_dimensions":"","_coblocks_responsive_height":"","_coblocks_accordion_ie_support":"","footnotes":""},"class_list":["post-1881","page","type-page","status-publish","has-post-thumbnail","hentry"],"acf":[],"aioseo_notices":[],"campaignId":"","_links":{"self":[{"href":"https:\/\/polarbearfoundation.org\/fr\/wp-json\/wp\/v2\/pages\/1881","targetHints":{"allow":["GET"]}}],"collection":[{"href":"https:\/\/polarbearfoundation.org\/fr\/wp-json\/wp\/v2\/pages"}],"about":[{"href":"https:\/\/polarbearfoundation.org\/fr\/wp-json\/wp\/v2\/types\/page"}],"author":[{"embeddable":true,"href":"https:\/\/polarbearfoundation.org\/fr\/wp-json\/wp\/v2\/users\/1"}],"replies":[{"embeddable":true,"href":"https:\/\/polarbearfoundation.org\/fr\/wp-json\/wp\/v2\/comments?post=1881"}],"version-history":[{"count":0,"href":"https:\/\/polarbearfoundation.org\/fr\/wp-json\/wp\/v2\/pages\/1881\/revisions"}],"wp:featuredmedia":[{"embeddable":true,"href":"https:\/\/polarbearfoundation.org\/fr\/wp-json\/wp\/v2\/media\/2802"}],"wp:attachment":[{"href":"https:\/\/polarbearfoundation.org\/fr\/wp-json\/wp\/v2\/media?parent=1881"}],"curies":[{"name":"wp","href":"https:\/\/api.w.org\/{rel}","templated":true}]}}