{"id":1914,"date":"2022-12-23T01:27:38","date_gmt":"2022-12-23T05:27:38","guid":{"rendered":"https:\/\/polarbearfoundation.org\/etat-de-la-recherche-sur-le-nerf-vague\/"},"modified":"2023-01-31T21:21:55","modified_gmt":"2023-02-01T01:21:55","slug":"etat-de-la-recherche-sur-le-nerf-vague","status":"publish","type":"page","link":"https:\/\/polarbearfoundation.org\/fr\/etat-de-la-recherche-sur-le-nerf-vague\/","title":{"rendered":"\u00c9tat de la recherche sur le nerf vague"},"content":{"rendered":"\t\t<div data-elementor-type=\"wp-page\" data-elementor-id=\"1914\" class=\"elementor elementor-1914 elementor-1648\">\n\t\t\t\t\t\t<section class=\"elementor-section elementor-top-section elementor-element elementor-element-a759056 elementor-section-boxed elementor-section-height-default elementor-section-height-default\" data-id=\"a759056\" data-element_type=\"section\" data-e-type=\"section\">\n\t\t\t\t\t\t<div class=\"elementor-container elementor-column-gap-default\">\n\t\t\t\t\t<div class=\"elementor-column elementor-col-100 elementor-top-column elementor-element elementor-element-21b286b\" data-id=\"21b286b\" data-element_type=\"column\" data-e-type=\"column\">\n\t\t\t<div class=\"elementor-widget-wrap elementor-element-populated\">\n\t\t\t\t\t\t<div class=\"elementor-element elementor-element-3e2060c elementor-widget elementor-widget-heading\" data-id=\"3e2060c\" data-element_type=\"widget\" data-e-type=\"widget\" data-widget_type=\"heading.default\">\n\t\t\t\t<div class=\"elementor-widget-container\">\n\t\t\t\t\t<h2 class=\"elementor-heading-title elementor-size-default\">Le nerf vague, le plus important &amp;<br>le plus long nerf de votre corps.<\/h2>\t\t\t\t<\/div>\n\t\t\t\t<\/div>\n\t\t\t\t<section class=\"elementor-section elementor-inner-section elementor-element elementor-element-6e2459a elementor-section-boxed elementor-section-height-default elementor-section-height-default\" data-id=\"6e2459a\" data-element_type=\"section\" data-e-type=\"section\">\n\t\t\t\t\t\t<div class=\"elementor-container elementor-column-gap-default\">\n\t\t\t\t\t<div class=\"elementor-column elementor-col-50 elementor-inner-column elementor-element elementor-element-54b131a\" data-id=\"54b131a\" data-element_type=\"column\" data-e-type=\"column\">\n\t\t\t<div class=\"elementor-widget-wrap elementor-element-populated\">\n\t\t\t\t\t\t<div class=\"elementor-element elementor-element-a21103e elementor-widget elementor-widget-text-editor\" data-id=\"a21103e\" data-element_type=\"widget\" data-e-type=\"widget\" data-widget_type=\"text-editor.default\">\n\t\t\t\t<div class=\"elementor-widget-container\">\n\t\t\t\t\t\t\t\t\t<p><b>La stimulation non invasive du nerf vague (nVNS) est une approche th\u00e9rapeutique qui consiste \u00e0 stimuler le nerf vague de mani\u00e8re non invasive, g\u00e9n\u00e9ralement \u00e0 l&rsquo;aide d&rsquo;un appareil qui d\u00e9livre des impulsions \u00e9lectriques au nerf.<\/b> La nVNS est un traitement exp\u00e9rimental \u00e9tudi\u00e9 pour diverses affections, notamment la d\u00e9pression, l&rsquo;anxi\u00e9t\u00e9 et la douleur chronique.<\/p>\n<p><b>La recherche sur le nVNS est en cours depuis plusieurs ann\u00e9es.<\/b> (depuis 1979), et les r\u00e9sultats des \u00e9tudes sont mitig\u00e9s. Certaines \u00e9tudes ont sugg\u00e9r\u00e9 que <b>la nVNS pouvait \u00eatre efficace pour r\u00e9duire les sympt\u00f4mes de la d\u00e9pression et de l&rsquo;anxi\u00e9t\u00e9<\/b>, tandis que d&rsquo;autres n&rsquo;ont pas constat\u00e9 d&rsquo;am\u00e9liorations significatives.<\/p>\n<p>L&rsquo;un des d\u00e9fis de l&rsquo;\u00e9tude du nVNS est que l&rsquo;on ne sait pas exactement comment le traitement fonctionne. On pense que la nVNS pourrait agir en activant certaines voies du cerveau impliqu\u00e9es dans la r\u00e9gulation de l&rsquo;humeur, mais les m\u00e9canismes exacts ne sont pas bien compris.<\/p>\n<p><span style=\"color: var( --e-global-color-text ); font-weight: var( --e-global-typography-text-font-weight ); letter-spacing: -0.2px;\">Dans l&rsquo;ensemble, l&rsquo;\u00e9tat de la recherche sur le nVNS n&rsquo;en est encore qu&rsquo;\u00e0 ses d\u00e9buts. <\/span><span style=\"color: var( --e-global-color-text ); letter-spacing: -0.2px;\"><b>des recherches suppl\u00e9mentaires sont n\u00e9cessaires pour comprendre pleinement l&rsquo;efficacit\u00e9 et les m\u00e9canismes du traitement.<\/b><\/span><span style=\"color: var( --e-global-color-text ); font-weight: var( --e-global-typography-text-font-weight ); letter-spacing: -0.2px;\"> Bien que certaines \u00e9tudes aient sugg\u00e9r\u00e9 que la SNVN pouvait \u00eatre utile dans certaines conditions, <\/span><span style=\"color: var( --e-global-color-text ); letter-spacing: -0.2px;\"><b>Des recherches suppl\u00e9mentaires sont n\u00e9cessaires pour confirmer ces r\u00e9sultats et d\u00e9terminer l&rsquo;utilisation optimale du nVNS dans la pratique clinique.<\/b><\/span><\/p>\n<p><span style=\"color: var( --e-global-color-text ); font-weight: var( --e-global-typography-text-font-weight ); letter-spacing: -0.2px;\"> <\/span><span style=\"color: var( --e-global-color-text ); font-weight: var( --e-global-typography-text-font-weight ); letter-spacing: -0.2px;\">En tant que th\u00e9rapie de neuromodulation \u00e9mergente, <\/span><strong style=\"color: var( --e-global-color-text ); letter-spacing: -0.2px;\">La stimulation transcutan\u00e9e du nerf vague auriculaire (taVNS) s&rsquo;est av\u00e9r\u00e9e s\u00fbre et efficace.<\/strong><span style=\"color: var( --e-global-color-text ); font-weight: var( --e-global-typography-text-font-weight ); letter-spacing: -0.2px;\"> pour l&rsquo;\u00e9pilepsie,<\/span><strong style=\"color: var( --e-global-color-text ); letter-spacing: -0.2px;\"> troubles d\u00e9pressifs majeurs<\/strong><span style=\"color: var( --e-global-color-text ); font-weight: var( --e-global-typography-text-font-weight ); letter-spacing: -0.2px;\">l&rsquo;insomnie, les troubles du m\u00e9tabolisme du glucose, la douleur, l&rsquo;accident vasculaire c\u00e9r\u00e9bral, la r\u00e9adaptation post-AVC, <\/span><strong style=\"color: var( --e-global-color-text ); letter-spacing: -0.2px;\">anxi\u00e9t\u00e9<\/strong><span style=\"color: var( --e-global-color-text ); font-weight: var( --e-global-typography-text-font-weight ); letter-spacing: -0.2px;\">la peur, les troubles cognitifs, les troubles cardiovasculaires, les acouph\u00e8nes, le syndrome de Prader-Willi et le COVID-19.<\/span><\/p>\n<p><b style=\"color: var( --e-global-color-text ); letter-spacing: -0.2px;\">Domaines couverts :<\/b><span style=\"color: var( --e-global-color-text ); font-weight: var( --e-global-typography-text-font-weight ); letter-spacing: -0.2px;\"> Bien que l&rsquo;histoire du taVNS ne remonte qu&rsquo;\u00e0 deux d\u00e9cennies, les appareils portant la technique du taVNS ont \u00e9t\u00e9 constamment mis \u00e0 jour. Ces derni\u00e8res ann\u00e9es, le d\u00e9veloppement des dispositifs taVNS a pr\u00e9sent\u00e9 une nouvelle tendance. Pour conclure,<\/span><span style=\"color: var( --e-global-color-text ); letter-spacing: -0.2px;\"><b> le d\u00e9veloppement des dispositifs taVNS est entr\u00e9 dans une nouvelle \u00e8re, de sorte que la vitesse de mise \u00e0 jour et la qualit\u00e9 des dispositifs taVNS seront consid\u00e9rablement am\u00e9lior\u00e9es \u00e0 l&rsquo;avenir. <\/b><\/span><span style=\"color: var( --e-global-color-text ); font-weight: var( --e-global-typography-text-font-weight ); letter-spacing: -0.2px;\"> <\/span><\/p>\n\t\t\t\t\t\t\t\t<\/div>\n\t\t\t\t<\/div>\n\t\t\t\t\t<\/div>\n\t\t<\/div>\n\t\t\t\t<div class=\"elementor-column elementor-col-50 elementor-inner-column elementor-element elementor-element-a0f587f\" data-id=\"a0f587f\" data-element_type=\"column\" data-e-type=\"column\">\n\t\t\t<div class=\"elementor-widget-wrap elementor-element-populated\">\n\t\t\t\t\t\t<div class=\"elementor-element elementor-element-39806a7 elementor-widget elementor-widget-image\" data-id=\"39806a7\" data-element_type=\"widget\" data-e-type=\"widget\" data-widget_type=\"image.default\">\n\t\t\t\t<div class=\"elementor-widget-container\">\n\t\t\t\t\t\t\t\t\t\t\t\t\t\t\t<img fetchpriority=\"high\" decoding=\"async\" width=\"445\" height=\"927\" src=\"https:\/\/polarbearfoundation.org\/wp-content\/uploads\/2022\/12\/112815_vagus_fullart_free.jpg\" class=\"attachment-large size-large wp-image-2485\" alt=\"Vagus nerve sketch\" srcset=\"https:\/\/polarbearfoundation.org\/wp-content\/uploads\/2022\/12\/112815_vagus_fullart_free.jpg 445w, https:\/\/polarbearfoundation.org\/wp-content\/uploads\/2022\/12\/112815_vagus_fullart_free-144x300.jpg 144w\" sizes=\"(max-width: 445px) 100vw, 445px\" \/>\t\t\t\t\t\t\t\t\t\t\t\t\t\t\t<\/div>\n\t\t\t\t<\/div>\n\t\t\t\t\t<\/div>\n\t\t<\/div>\n\t\t\t\t\t<\/div>\n\t\t<\/section>\n\t\t\t\t\t<\/div>\n\t\t<\/div>\n\t\t\t\t\t<\/div>\n\t\t<\/section>\n\t\t\t\t<section class=\"elementor-section elementor-top-section elementor-element elementor-element-5593daa elementor-section-boxed elementor-section-height-default elementor-section-height-default\" data-id=\"5593daa\" data-element_type=\"section\" data-e-type=\"section\">\n\t\t\t\t\t\t<div class=\"elementor-container elementor-column-gap-default\">\n\t\t\t\t\t<div class=\"elementor-column elementor-col-100 elementor-top-column elementor-element elementor-element-da7aade\" data-id=\"da7aade\" data-element_type=\"column\" data-e-type=\"column\">\n\t\t\t<div class=\"elementor-widget-wrap elementor-element-populated\">\n\t\t\t\t\t\t<div class=\"elementor-element elementor-element-11f6eee elementor-alert-success elementor-widget elementor-widget-alert\" data-id=\"11f6eee\" data-element_type=\"widget\" data-e-type=\"widget\" data-widget_type=\"alert.default\">\n\t\t\t\t<div class=\"elementor-widget-container\">\n\t\t\t\t\t\t\t<div class=\"elementor-alert\" role=\"alert\">\n\n\t\t\t\t\t\t<span class=\"elementor-alert-title\">Nous avons un plan !<br><\/span>\n\t\t\t\n\t\t\t\t\t\t<span class=\"elementor-alert-description\"><p>La Fondation Ours Polaire s'assurera que cela se produise.<br \/>Essais cliniques<br \/><span style=\"letter-spacing: -0.2px\">Phase #1 : 2 heures par jour<\/span><br style=\"letter-spacing: -0.2px\"><span style=\"letter-spacing: -0.2px\">Phase #2 : 8 heures par jour (Nuit et Jour)<\/span><br style=\"letter-spacing: -0.2px\">Objectif principal : des dispositifs intelligents seront fournis aux d\u00e9partements de sant\u00e9.<br \/>\n<br \/>-----<br \/><b>Une fois que nous aurons termin\u00e9, tout le monde aura acc\u00e8s \u00e0 un... <u>appareil intelligent<\/u>, avec un <u>protocole de stimulation personnalis\u00e9<\/u> qui sera fait <u>de la maison.<\/u><br \/>\n<\/b><\/p>\n<\/span>\n\t\t\t\n\t\t\t\t\t\t<button type=\"button\" class=\"elementor-alert-dismiss\" aria-label=\"Dismiss this alert.\">\n\t\t\t\t<i aria-hidden=\"true\" class=\"far fa-file-alt\"><\/i>\t\t\t<\/button>\n\t\t\t\n\t\t<\/div>\n\t\t\t\t\t\t<\/div>\n\t\t\t\t<\/div>\n\t\t\t\t\t<\/div>\n\t\t<\/div>\n\t\t\t\t\t<\/div>\n\t\t<\/section>\n\t\t\t\t<\/div>\n\t\t","protected":false},"excerpt":{"rendered":"<p>Le nerf vague, le plus important &amp;le plus long nerf de votre corps. La stimulation non invasive du nerf vague (nVNS) est une approche th\u00e9rapeutique qui consiste \u00e0 stimuler le nerf vague de mani\u00e8re non invasive, g\u00e9n\u00e9ralement \u00e0 l&rsquo;aide d&rsquo;un appareil qui d\u00e9livre des impulsions \u00e9lectriques au nerf. La nVNS est un traitement exp\u00e9rimental \u00e9tudi\u00e9<\/p>\n","protected":false},"author":1,"featured_media":1850,"parent":0,"menu_order":0,"comment_status":"closed","ping_status":"closed","template":"","meta":{"_acf_changed":false,"give_campaign_id":0,"_coblocks_attr":"","_coblocks_dimensions":"","_coblocks_responsive_height":"","_coblocks_accordion_ie_support":"","footnotes":""},"class_list":["post-1914","page","type-page","status-publish","has-post-thumbnail","hentry"],"acf":[],"aioseo_notices":[],"campaignId":"","_links":{"self":[{"href":"https:\/\/polarbearfoundation.org\/fr\/wp-json\/wp\/v2\/pages\/1914","targetHints":{"allow":["GET"]}}],"collection":[{"href":"https:\/\/polarbearfoundation.org\/fr\/wp-json\/wp\/v2\/pages"}],"about":[{"href":"https:\/\/polarbearfoundation.org\/fr\/wp-json\/wp\/v2\/types\/page"}],"author":[{"embeddable":true,"href":"https:\/\/polarbearfoundation.org\/fr\/wp-json\/wp\/v2\/users\/1"}],"replies":[{"embeddable":true,"href":"https:\/\/polarbearfoundation.org\/fr\/wp-json\/wp\/v2\/comments?post=1914"}],"version-history":[{"count":0,"href":"https:\/\/polarbearfoundation.org\/fr\/wp-json\/wp\/v2\/pages\/1914\/revisions"}],"wp:featuredmedia":[{"embeddable":true,"href":"https:\/\/polarbearfoundation.org\/fr\/wp-json\/wp\/v2\/media\/1850"}],"wp:attachment":[{"href":"https:\/\/polarbearfoundation.org\/fr\/wp-json\/wp\/v2\/media?parent=1914"}],"curies":[{"name":"wp","href":"https:\/\/api.w.org\/{rel}","templated":true}]}}