{"id":1962,"date":"2022-12-23T20:54:27","date_gmt":"2022-12-24T00:54:27","guid":{"rendered":"https:\/\/polarbearfoundation.org\/la-vision-de-la-fondation-ours-polaire\/"},"modified":"2023-01-15T16:17:35","modified_gmt":"2023-01-15T20:17:35","slug":"la-vision-de-la-fondation-ours-polaire","status":"publish","type":"page","link":"https:\/\/polarbearfoundation.org\/fr\/la-vision-de-la-fondation-ours-polaire\/","title":{"rendered":"La vision de la Fondation Ours Polaire"},"content":{"rendered":"\t\t<div data-elementor-type=\"wp-page\" data-elementor-id=\"1962\" class=\"elementor elementor-1962 elementor-1689\">\n\t\t\t\t\t\t<section class=\"elementor-section elementor-top-section elementor-element elementor-element-25b1737 elementor-section-boxed elementor-section-height-default elementor-section-height-default\" data-id=\"25b1737\" data-element_type=\"section\" data-e-type=\"section\">\n\t\t\t\t\t\t<div class=\"elementor-container elementor-column-gap-default\">\n\t\t\t\t\t<div class=\"elementor-column elementor-col-33 elementor-top-column elementor-element elementor-element-fea3ba7\" data-id=\"fea3ba7\" data-element_type=\"column\" data-e-type=\"column\">\n\t\t\t<div class=\"elementor-widget-wrap elementor-element-populated\">\n\t\t\t\t\t\t<div class=\"elementor-element elementor-element-345a66b elementor-widget elementor-widget-image\" data-id=\"345a66b\" data-element_type=\"widget\" data-e-type=\"widget\" data-widget_type=\"image.default\">\n\t\t\t\t<div class=\"elementor-widget-container\">\n\t\t\t\t\t\t\t\t\t\t\t\t\t\t\t<img fetchpriority=\"high\" decoding=\"async\" width=\"1999\" height=\"2499\" src=\"https:\/\/polarbearfoundation.org\/wp-content\/uploads\/2022\/12\/pexels-ethan-sees-2853432.jpg\" class=\"attachment-full size-full wp-image-1699\" alt=\"Vision\" srcset=\"https:\/\/polarbearfoundation.org\/wp-content\/uploads\/2022\/12\/pexels-ethan-sees-2853432.jpg 1999w, https:\/\/polarbearfoundation.org\/wp-content\/uploads\/2022\/12\/pexels-ethan-sees-2853432-240x300.jpg 240w, https:\/\/polarbearfoundation.org\/wp-content\/uploads\/2022\/12\/pexels-ethan-sees-2853432-819x1024.jpg 819w, https:\/\/polarbearfoundation.org\/wp-content\/uploads\/2022\/12\/pexels-ethan-sees-2853432-768x960.jpg 768w, https:\/\/polarbearfoundation.org\/wp-content\/uploads\/2022\/12\/pexels-ethan-sees-2853432-1229x1536.jpg 1229w, https:\/\/polarbearfoundation.org\/wp-content\/uploads\/2022\/12\/pexels-ethan-sees-2853432-1638x2048.jpg 1638w\" sizes=\"(max-width: 1999px) 100vw, 1999px\" \/>\t\t\t\t\t\t\t\t\t\t\t\t\t\t\t<\/div>\n\t\t\t\t<\/div>\n\t\t\t\t\t<\/div>\n\t\t<\/div>\n\t\t\t\t<div class=\"elementor-column elementor-col-66 elementor-top-column elementor-element elementor-element-0386da3\" data-id=\"0386da3\" data-element_type=\"column\" data-e-type=\"column\">\n\t\t\t<div class=\"elementor-widget-wrap elementor-element-populated\">\n\t\t\t\t\t\t<div class=\"elementor-element elementor-element-7c12c4a1 elementor-widget elementor-widget-heading\" data-id=\"7c12c4a1\" data-element_type=\"widget\" data-e-type=\"widget\" data-widget_type=\"heading.default\">\n\t\t\t\t<div class=\"elementor-widget-container\">\n\t\t\t\t\t<h1 class=\"elementor-heading-title elementor-size-default\">Notre vision<\/h1>\t\t\t\t<\/div>\n\t\t\t\t<\/div>\n\t\t\t\t<div class=\"elementor-element elementor-element-103a482 elementor-widget elementor-widget-text-editor\" data-id=\"103a482\" data-element_type=\"widget\" data-e-type=\"widget\" data-widget_type=\"text-editor.default\">\n\t\t\t\t<div class=\"elementor-widget-container\">\n\t\t\t\t\t\t\t\t\t<p><b>Lorsque le monde commence \u00e0 changer et que l&rsquo;avenir est incertain, de nombreuses personnes ressentent de l&rsquo;anxi\u00e9t\u00e9, de la d\u00e9pression et du d\u00e9sespoir.<\/b><span style=\"font-weight: 400;\"> Nous fournissons des ressources pour la sant\u00e9 mentale qui devraient nous rassembler, et non nous diviser, et aider les gens \u00e0 traverser cette p\u00e9riode difficile. <\/span><\/p>\n<p><b>Le plus important est de savoir que vous n&rsquo;\u00eates pas seul. <\/b><\/p>\n<p><span style=\"font-weight: 400;\">Le monde peut parfois \u00eatre un endroit sombre pour certains d&rsquo;entre nous. Les gens luttent pour pr\u00e9server leur sant\u00e9 mentale et doutent de leur valeur en raison de la discrimination dont ils sont victimes. Mais il y a de l&rsquo;espoir ! Notre soci\u00e9t\u00e9 a pour vocation de fournir des dispositifs de sant\u00e9 mentale abordables et de qualit\u00e9 \u00e0 chaque personne dans le monde, ind\u00e9pendamment de sa capacit\u00e9 de paiement ou de ses ant\u00e9c\u00e9dents. <\/span><\/p>\n<p><b>Notre personnel s&rsquo;engage \u00e0 aider les gens \u00e0 voir qu&rsquo;ils m\u00e9ritent les m\u00eames droits que tout le monde, et<\/b> <b>nous travaillerons sans rel\u00e2che jusqu&rsquo;\u00e0 ce que chacun ait le soutien dont il a besoin.<\/b><\/p>\n\t\t\t\t\t\t\t\t<\/div>\n\t\t\t\t<\/div>\n\t\t\t\t\t<\/div>\n\t\t<\/div>\n\t\t\t\t\t<\/div>\n\t\t<\/section>\n\t\t\t\t<section class=\"elementor-section elementor-top-section elementor-element elementor-element-45393e4 elementor-section-boxed elementor-section-height-default elementor-section-height-default\" data-id=\"45393e4\" data-element_type=\"section\" data-e-type=\"section\">\n\t\t\t\t\t\t<div class=\"elementor-container elementor-column-gap-default\">\n\t\t\t\t\t<div class=\"elementor-column elementor-col-100 elementor-top-column elementor-element elementor-element-160fb10\" data-id=\"160fb10\" data-element_type=\"column\" data-e-type=\"column\">\n\t\t\t<div class=\"elementor-widget-wrap elementor-element-populated\">\n\t\t\t\t\t\t<div class=\"elementor-element elementor-element-532aae4 elementor-widget elementor-widget-spacer\" data-id=\"532aae4\" data-element_type=\"widget\" data-e-type=\"widget\" data-widget_type=\"spacer.default\">\n\t\t\t\t<div class=\"elementor-widget-container\">\n\t\t\t\t\t\t\t<div class=\"elementor-spacer\">\n\t\t\t<div class=\"elementor-spacer-inner\"><\/div>\n\t\t<\/div>\n\t\t\t\t\t\t<\/div>\n\t\t\t\t<\/div>\n\t\t\t\t<div class=\"elementor-element elementor-element-c7fb87a elementor-widget elementor-widget-heading\" data-id=\"c7fb87a\" data-element_type=\"widget\" data-e-type=\"widget\" data-widget_type=\"heading.default\">\n\t\t\t\t<div class=\"elementor-widget-container\">\n\t\t\t\t\t<h1 class=\"elementor-heading-title elementor-size-default\"><section data-id=\"4bcf365\" data-element_type=\"section\" style=\"flex-basis: var(--flex-basis);flex-grow: var(--flex-grow);flex-shrink: var(--flex-shrink);align-self: var(--align-self);--widgets-spacing:20px;font-family: Roboto;font-size: 15px;font-weight: 400;letter-spacing: -0.2px;white-space: normal\"><div><div data-id=\"66457a8\" data-element_type=\"column\" style=\"flex-basis: var(--flex-basis);flex-grow: var(--flex-grow);flex-shrink: var(--flex-shrink);align-self: var(--align-self);--widgets-spacing:20px;width: 969.984px\"><div style=\"width: 969.984px\"><div data-id=\"613f5a0\" data-element_type=\"widget\" data-widget_type=\"heading.default\" style=\"flex-basis: var(--flex-basis);flex-grow: var(--flex-grow);flex-shrink: var(--flex-shrink);align-self: var(--align-self);flex-direction: var(--flex-direction);flex-wrap: var(--flex-wrap);justify-content: var(--justify-content);align-items: var(--align-items);align-content: var(--align-content);gap: var(--gap);--widgets-spacing:20px;width: 949.984px\"><div><h2 style=\"font-family: Poppins, sans-serif;font-weight: 600\">Tout simplement une meilleure vie pour tous...<\/h2><\/div><\/div><\/div><\/div><\/div><\/section><\/h1>\t\t\t\t<\/div>\n\t\t\t\t<\/div>\n\t\t\t\t\t<\/div>\n\t\t<\/div>\n\t\t\t\t\t<\/div>\n\t\t<\/section>\n\t\t\t\t<section class=\"elementor-section elementor-top-section elementor-element elementor-element-7553031 elementor-section-boxed elementor-section-height-default elementor-section-height-default\" data-id=\"7553031\" data-element_type=\"section\" data-e-type=\"section\">\n\t\t\t\t\t\t<div class=\"elementor-container elementor-column-gap-default\">\n\t\t\t\t\t<div class=\"elementor-column elementor-col-33 elementor-top-column elementor-element elementor-element-25b5dfa\" data-id=\"25b5dfa\" data-element_type=\"column\" data-e-type=\"column\">\n\t\t\t<div class=\"elementor-widget-wrap elementor-element-populated\">\n\t\t\t\t\t\t<div class=\"elementor-element elementor-element-d474434 elementor-widget elementor-widget-text-editor\" data-id=\"d474434\" data-element_type=\"widget\" data-e-type=\"widget\" data-widget_type=\"text-editor.default\">\n\t\t\t\t<div class=\"elementor-widget-container\">\n\t\t\t\t\t\t\t\t\t<p>La vision de notre fondation est de collecter des fonds pour lancer des <b>essais cliniques sur la stimulation non invasive du nerf vague (nVNS) afin d&rsquo;\u00e9tudier et de confirmer l&rsquo;ensemble des avantages potentiels de cette th\u00e9rapie.<\/b><\/p>\n<p><b> <\/b><\/p>\n<p>Gr\u00e2ce \u00e0 ces essais, <b>nous souhaitons \u00e9tablir la s\u00e9curit\u00e9 et l&rsquo;efficacit\u00e9 du nVNS pour diverses indications<\/b>, et d\u00e9velopper un dispositif intelligent accessible et disponible pour toute personne qui pourrait en b\u00e9n\u00e9ficier \u00e0 domicile.<\/p>\n<\/p>\n<p>En d\u00e9finitive, <b>notre objectif est d&rsquo;apporter ce traitement innovant au plus grand nombre de personnes<\/b> possible, afin d&rsquo;<b> am\u00e9liorer leur sant\u00e9 et leur qualit\u00e9 de vie.<\/b><\/p>\n\t\t\t\t\t\t\t\t<\/div>\n\t\t\t\t<\/div>\n\t\t\t\t\t<\/div>\n\t\t<\/div>\n\t\t\t\t<div class=\"elementor-column elementor-col-66 elementor-top-column elementor-element elementor-element-bb19da6\" data-id=\"bb19da6\" data-element_type=\"column\" data-e-type=\"column\">\n\t\t\t<div class=\"elementor-widget-wrap elementor-element-populated\">\n\t\t\t\t\t\t<div class=\"elementor-element elementor-element-5070167 elementor-widget elementor-widget-image\" data-id=\"5070167\" data-element_type=\"widget\" data-e-type=\"widget\" data-widget_type=\"image.default\">\n\t\t\t\t<div class=\"elementor-widget-container\">\n\t\t\t\t\t\t\t\t\t\t\t\t\t\t\t<img decoding=\"async\" width=\"500\" height=\"500\" src=\"https:\/\/polarbearfoundation.org\/wp-content\/uploads\/2022\/12\/Nerostimulator-v8.png\" class=\"attachment-large size-large wp-image-2911\" alt=\"Nerostimulator v8-rev1 All rights reserved Vagustim Inc.\" srcset=\"https:\/\/polarbearfoundation.org\/wp-content\/uploads\/2022\/12\/Nerostimulator-v8.png 500w, https:\/\/polarbearfoundation.org\/wp-content\/uploads\/2022\/12\/Nerostimulator-v8-300x300.png 300w, https:\/\/polarbearfoundation.org\/wp-content\/uploads\/2022\/12\/Nerostimulator-v8-150x150.png 150w, https:\/\/polarbearfoundation.org\/wp-content\/uploads\/2022\/12\/elementor\/thumbs\/Nerostimulator-v8-pzw57roj2qt3xjrtapim847n5o6ctrjlivrggn2w44.png 450w\" sizes=\"(max-width: 500px) 100vw, 500px\" \/>\t\t\t\t\t\t\t\t\t\t\t\t\t\t\t<\/div>\n\t\t\t\t<\/div>\n\t\t\t\t\t<\/div>\n\t\t<\/div>\n\t\t\t\t\t<\/div>\n\t\t<\/section>\n\t\t\t\t<section class=\"elementor-section elementor-top-section elementor-element elementor-element-84a5b6f elementor-section-boxed elementor-section-height-default elementor-section-height-default\" data-id=\"84a5b6f\" data-element_type=\"section\" data-e-type=\"section\">\n\t\t\t\t\t\t<div class=\"elementor-container elementor-column-gap-default\">\n\t\t\t\t\t<div class=\"elementor-column elementor-col-100 elementor-top-column elementor-element elementor-element-77b457c\" data-id=\"77b457c\" data-element_type=\"column\" data-e-type=\"column\">\n\t\t\t<div class=\"elementor-widget-wrap elementor-element-populated\">\n\t\t\t\t\t\t<div class=\"elementor-element elementor-element-ef8e7ed elementor-widget elementor-widget-heading\" data-id=\"ef8e7ed\" data-element_type=\"widget\" data-e-type=\"widget\" data-widget_type=\"heading.default\">\n\t\t\t\t<div class=\"elementor-widget-container\">\n\t\t\t\t\t<h2 class=\"elementor-heading-title elementor-size-default\"><section data-id=\"4bcf365\" data-element_type=\"section\" style=\"flex-basis: var(--flex-basis);flex-grow: var(--flex-grow);flex-shrink: var(--flex-shrink);align-self: var(--align-self);--widgets-spacing:20px;font-family: Roboto;font-size: 15px;font-weight: 400;letter-spacing: -0.2px;white-space: normal\"><div><div data-id=\"66457a8\" data-element_type=\"column\" style=\"flex-basis: var(--flex-basis);flex-grow: var(--flex-grow);flex-shrink: var(--flex-shrink);align-self: var(--align-self);--widgets-spacing:20px;width: 969.984px\"><div style=\"width: 969.984px\"><div data-id=\"613f5a0\" data-element_type=\"widget\" data-widget_type=\"heading.default\" style=\"flex-basis: var(--flex-basis);flex-grow: var(--flex-grow);flex-shrink: var(--flex-shrink);align-self: var(--align-self);flex-direction: var(--flex-direction);flex-wrap: var(--flex-wrap);justify-content: var(--justify-content);align-items: var(--align-items);align-content: var(--align-content);gap: var(--gap);--widgets-spacing:20px;width: 949.984px\"><div><div data-elementor-type=\"wp-page\" data-elementor-id=\"2644\" style=\"margin-top: 20px;margin-bottom: 20px;max-width: 100%;letter-spacing: -0.2px\"><section data-id=\"1174469\" data-element_type=\"section\" style=\"flex-basis: var(--flex-basis);flex-grow: var(--flex-grow);flex-shrink: var(--flex-shrink);align-self: var(--align-self);--widgets-spacing:20px\"><div><div data-id=\"8d6310f\" data-element_type=\"column\" style=\"flex-basis: var(--flex-basis);flex-grow: var(--flex-grow);flex-shrink: var(--flex-shrink);align-self: var(--align-self);--widgets-spacing:20px;width: 969.984px\"><div style=\"width: 969.984px\"><div data-id=\"3154468\" data-element_type=\"widget\" data-widget_type=\"heading.default\" style=\"flex-basis: var(--flex-basis);flex-grow: var(--flex-grow);flex-shrink: var(--flex-shrink);align-self: var(--align-self);flex-direction: var(--flex-direction);flex-wrap: var(--flex-wrap);justify-content: var(--justify-content);align-items: var(--align-items);align-content: var(--align-content);gap: var(--gap);--widgets-spacing:20px;width: 949.984px;text-align: center\"><div><h3 style=\"font-family: Poppins, sans-serif;font-weight: 600;font-size: 25px\">Nous atteindrons notre objectif lorsque nous aurons termin\u00e9 les essais cliniques.<\/h3><\/div><\/div><\/div><\/div><\/div><\/section><\/div><\/div><\/div><\/div><\/div><\/div><\/section><\/h2>\t\t\t\t<\/div>\n\t\t\t\t<\/div>\n\t\t\t\t\t<\/div>\n\t\t<\/div>\n\t\t\t\t\t<\/div>\n\t\t<\/section>\n\t\t\t\t<\/div>\n\t\t","protected":false},"excerpt":{"rendered":"<p>Notre vision Lorsque le monde commence \u00e0 changer et que l&rsquo;avenir est incertain, de nombreuses personnes ressentent de l&rsquo;anxi\u00e9t\u00e9, de la d\u00e9pression et du d\u00e9sespoir. Nous fournissons des ressources pour la sant\u00e9 mentale qui devraient nous rassembler, et non nous diviser, et aider les gens \u00e0 traverser cette p\u00e9riode difficile. Le plus important est de<\/p>\n","protected":false},"author":1,"featured_media":1856,"parent":0,"menu_order":0,"comment_status":"closed","ping_status":"closed","template":"","meta":{"_acf_changed":false,"give_campaign_id":0,"_coblocks_attr":"","_coblocks_dimensions":"","_coblocks_responsive_height":"","_coblocks_accordion_ie_support":"","footnotes":""},"class_list":["post-1962","page","type-page","status-publish","has-post-thumbnail","hentry"],"acf":[],"aioseo_notices":[],"campaignId":"","_links":{"self":[{"href":"https:\/\/polarbearfoundation.org\/fr\/wp-json\/wp\/v2\/pages\/1962","targetHints":{"allow":["GET"]}}],"collection":[{"href":"https:\/\/polarbearfoundation.org\/fr\/wp-json\/wp\/v2\/pages"}],"about":[{"href":"https:\/\/polarbearfoundation.org\/fr\/wp-json\/wp\/v2\/types\/page"}],"author":[{"embeddable":true,"href":"https:\/\/polarbearfoundation.org\/fr\/wp-json\/wp\/v2\/users\/1"}],"replies":[{"embeddable":true,"href":"https:\/\/polarbearfoundation.org\/fr\/wp-json\/wp\/v2\/comments?post=1962"}],"version-history":[{"count":0,"href":"https:\/\/polarbearfoundation.org\/fr\/wp-json\/wp\/v2\/pages\/1962\/revisions"}],"wp:featuredmedia":[{"embeddable":true,"href":"https:\/\/polarbearfoundation.org\/fr\/wp-json\/wp\/v2\/media\/1856"}],"wp:attachment":[{"href":"https:\/\/polarbearfoundation.org\/fr\/wp-json\/wp\/v2\/media?parent=1962"}],"curies":[{"name":"wp","href":"https:\/\/api.w.org\/{rel}","templated":true}]}}