{"id":1970,"date":"2022-12-23T01:33:00","date_gmt":"2022-12-23T05:33:00","guid":{"rendered":"https:\/\/polarbearfoundation.org\/les-meilleurs-chercheurs\/"},"modified":"2023-01-31T21:21:55","modified_gmt":"2023-02-01T01:21:55","slug":"les-meilleurs-chercheurs","status":"publish","type":"page","link":"https:\/\/polarbearfoundation.org\/fr\/les-meilleurs-chercheurs\/","title":{"rendered":"Les meilleurs chercheurs"},"content":{"rendered":"\t\t<div data-elementor-type=\"wp-page\" data-elementor-id=\"1970\" class=\"elementor elementor-1970 elementor-1656\">\n\t\t\t\t\t\t<section class=\"elementor-section elementor-top-section elementor-element elementor-element-7222245 elementor-section-boxed elementor-section-height-default elementor-section-height-default\" data-id=\"7222245\" data-element_type=\"section\" data-e-type=\"section\">\n\t\t\t\t\t\t<div class=\"elementor-container elementor-column-gap-default\">\n\t\t\t\t\t<div class=\"elementor-column elementor-col-100 elementor-top-column elementor-element elementor-element-f5f6528\" data-id=\"f5f6528\" data-element_type=\"column\" data-e-type=\"column\">\n\t\t\t<div class=\"elementor-widget-wrap elementor-element-populated\">\n\t\t\t\t\t\t<div class=\"elementor-element elementor-element-00560f4 elementor-widget elementor-widget-heading\" data-id=\"00560f4\" data-element_type=\"widget\" data-e-type=\"widget\" data-widget_type=\"heading.default\">\n\t\t\t\t<div class=\"elementor-widget-container\">\n\t\t\t\t\t<h2 class=\"elementor-heading-title elementor-size-default\">Dr. Mark S. George, MD<\/h2>\t\t\t\t<\/div>\n\t\t\t\t<\/div>\n\t\t\t\t<div class=\"elementor-element elementor-element-3c8dc83 elementor-widget elementor-widget-text-editor\" data-id=\"3c8dc83\" data-element_type=\"widget\" data-e-type=\"widget\" data-widget_type=\"text-editor.default\">\n\t\t\t\t<div class=\"elementor-widget-container\">\n\t\t\t\t\t\t\t\t\t<ul>\n<li><b><img decoding=\"async\" class=\"alignright\" src=\"https:\/\/polarbearfoundation.org\/wp-content\/uploads\/2022\/12\/drgeorgepage7-300x125.jpg\" alt=\"\" width=\"300\" height=\"125\">En 1995, le Dr Mark George, originaire de Caroline du Sud<\/b>, est revenu \u00e0 Charleston et a mis en place une division d&rsquo;imagerie c\u00e9r\u00e9brale de recherche \u00e0 l&rsquo;\u00e9chelle du campus et le laboratoire de stimulation c\u00e9r\u00e9brale au sein du d\u00e9partement de psychiatrie. Alors qu&rsquo;il \u00e9tait \u00e9tudiant de premier cycle en philosophie au Davidson College, le <b>Dr George a commenc\u00e9 \u00e0 \u00e9tudier la relation entre l&rsquo;esprit et le cerveau, ou la relation cerveau\/comportement. <\/b>Il a poursuivi cet int\u00e9r\u00eat tout au long de sa carri\u00e8re en se concentrant sur l&rsquo;utilisation de l&rsquo;imagerie c\u00e9r\u00e9brale et de la stimulation c\u00e9r\u00e9brale pour comprendre la d\u00e9pression et concevoir de nouveaux traitements. Il a obtenu son dipl\u00f4me de m\u00e9decine au MUSC en 1985, o\u00f9 il a poursuivi sa double r\u00e9sidence en neurologie et en psychiatrie. Apr\u00e8s sa r\u00e9sidence, il a travaill\u00e9 pendant un an (de 1990 \u00e0 1991) \u00e0 l&rsquo;Institut de neurologie de Queen Square, \u00e0 Londres, en Angleterre. Il a ensuite d\u00e9m\u00e9nag\u00e9 \u00e0 Washington, DC, o\u00f9 il a travaill\u00e9 \u00e0 l&rsquo;Institut national de la sant\u00e9 mentale (NIMH).  <\/li>\n<li><b>Il a \u00e9t\u00e9 l&rsquo;un des premiers \u00e0 utiliser l&rsquo;imagerie c\u00e9r\u00e9brale fonctionnelle au cours d&rsquo;\u00e9motions normales ainsi que dans la d\u00e9pression et la manie.<\/b>  Il a fait progresser la science de la stimulation c\u00e9r\u00e9brale, tant en ce qui concerne le fonctionnement des traitements dans le cerveau que l&rsquo;\u00e9valuation critique de leurs applications th\u00e9rapeutiques, notamment dans le traitement de la d\u00e9pression. Il est peut-\u00eatre le seul neuroscientifique vivant \u00e0 avoir deux traitements approuv\u00e9s par la FDA qui d\u00e9coulent de ses travaux. La stimulation magn\u00e9tique transcr\u00e2nienne (TMS) a \u00e9t\u00e9 approuv\u00e9e par la FDA pour le traitement de la d\u00e9pression en octobre 2008.  <b>En juin 1998, au MUSC, il a \u00e9galement mis au point un autre nouveau traitement pour la d\u00e9pression r\u00e9sistante, la stimulation du nerf vague (VNS).  <\/b>Il a \u00e9t\u00e9 approuv\u00e9 par la FDA en 2006. Le Dr George est un expert mondial de la stimulation c\u00e9r\u00e9brale et de la d\u00e9pression, et il est le r\u00e9dacteur en chef d&rsquo;une revue qu&rsquo;il a lanc\u00e9e avec Elsevier en 2008, intitul\u00e9e Brain Stimulation : Basic, Translation and Clinical Research in Neuromodulation. Il a \u00e9t\u00e9 continuellement financ\u00e9 par le NIH et d&rsquo;autres organismes de financement depuis ses bourses. Il a re\u00e7u de nombreux prix nationaux et internationaux. En 2009, U.S. News and World Report l&rsquo;a d\u00e9sign\u00e9 comme l&rsquo;un des 14 \u00ab\u00a0pionniers de la m\u00e9decine qui ne se retiennent pas\u00a0\u00bb.  <\/li>\n<li><b>Il a publi\u00e9 plus de 400 articles scientifiques ou chapitres de livres, et a \u00e9crit ou \u00e9dit\u00e9 six livres.<\/b><\/li>\n<\/ul>\n<div><span style=\"font-family: Open Sans, sans-serif;\">Source : <a href=\"https:\/\/bit.ly\/3I5Ku2s\">Profil clinique<\/a><\/span><\/div>\n\t\t\t\t\t\t\t\t<\/div>\n\t\t\t\t<\/div>\n\t\t\t\t<div class=\"elementor-element elementor-element-86c4b7d elementor-widget elementor-widget-heading\" data-id=\"86c4b7d\" data-element_type=\"widget\" data-e-type=\"widget\" data-widget_type=\"heading.default\">\n\t\t\t\t<div class=\"elementor-widget-container\">\n\t\t\t\t\t<h2 class=\"elementor-heading-title elementor-size-default\">Dr Andrew Leuchter, MD<\/h2>\t\t\t\t<\/div>\n\t\t\t\t<\/div>\n\t\t\t\t<div class=\"elementor-element elementor-element-0f9c826 elementor-widget elementor-widget-text-editor\" data-id=\"0f9c826\" data-element_type=\"widget\" data-e-type=\"widget\" data-widget_type=\"text-editor.default\">\n\t\t\t\t<div class=\"elementor-widget-container\">\n\t\t\t\t\t\t\t\t\t<ul>\n<li><b><img fetchpriority=\"high\" decoding=\"async\" class=\"alignright\" src=\"https:\/\/polarbearfoundation.org\/wp-content\/uploads\/2022\/12\/andrew-leuchter-300x300.jpg\" alt=\"\" width=\"300\" height=\"300\">\n<\/b><p><b>Andrew F. Leuchter, MD, est professeur \u00e0 l&rsquo;<span style=\"color: var( --e-global-color-text ); letter-spacing: -0.2px;\">adresse<\/span>&nbsp;<span style=\"color: var( --e-global-color-text ); letter-spacing: -0.2px;\">au d\u00e9partement de psychiatrie<\/span><span style=\"color: var( --e-global-color-text ); letter-spacing: -0.2px;\">et des sciences biocomportementales, directeur de la division de la neuromodulation et chercheur scientifique principal au Semel Institute for Neuroscience and Human Behavior de l&rsquo;UCLA.<\/span><\/b><span style=\"color: var( --e-global-color-text ); font-weight: var( --e-global-typography-text-font-weight ); letter-spacing: -0.2px;\">  Dipl\u00f4m\u00e9 de l&rsquo;universit\u00e9 de Stanford, le Dr Leuchter a obtenu son dipl\u00f4me de m\u00e9decine au Baylor College of Medicine de Houston, au Texas. Il a effectu\u00e9 des stages en m\u00e9decine\/neurologie au Wadsworth Veterans Administration Medical Center et en g\u00e9ronto-psychiatrie\/neurologie \u00e0 l&rsquo;UCLA Neuropsychiatric Institute, suivis d&rsquo;une r\u00e9sidence en psychiatrie \u00e0 l&rsquo;UCLA Neuropsychiatric Institute et d&rsquo;une bourse Robert Wood Johnson au d\u00e9partement de m\u00e9decine de l&rsquo;UCLA. Il a rejoint la facult\u00e9 de l&rsquo;UCLA en 1986.<\/span><\/p>\n<\/li>\n<li>\n<p><span style=\"color: var( --e-global-color-text ); font-weight: var( --e-global-typography-text-font-weight ); letter-spacing: -0.2px;\">Le Dr Leuchter est dipl\u00f4m\u00e9 de l&rsquo;American Board of Electroencephalography and Neurophysiology et dipl\u00f4m\u00e9 en psychiatrie et en neurologie avec des qualifications suppl\u00e9mentaires en psychiatrie g\u00e9riatrique. Il est membre de plusieurs organisations professionnelles, dont l&rsquo;American Psychiatric Association, l&rsquo;American Psychiatric Electrophysiology Association et l&rsquo;American Medical EEG Association.  <\/span><b>\n  <span style=\"color: var( --e-global-color-text ); letter-spacing: -0.2px;\">Il est l&rsquo;auteur de plus de 150 articles scientifiques sur des sujets tels que la neuromodulation pour le traitement de la d\u00e9pression, les biomarqueurs pour guider le traitement des maladies neuropsychiatriques et les th\u00e9o<\/span>\n  <span style=\"color: var( --e-global-color-text ); letter-spacing: -0.2px;\">ries d&rsquo;action des antid\u00e9presseurs.<\/span>\n<\/b><span style=\"color: var( --e-global-color-text ); font-weight: var( --e-global-typography-text-font-weight ); letter-spacing: -0.2px;\"> Il maintient \u00e9galement une pratique clinique active, sp\u00e9cialis\u00e9e dans la consultation et le traitement des patients souffrant de d\u00e9pression r\u00e9sistante au traitement.<\/span><\/p>\n<\/li>\n<li>\n<p><span style=\"color: var( --e-global-color-text ); font-weight: var( --e-global-typography-text-font-weight ); letter-spacing: -0.2px;\">Expert de renomm\u00e9e internationale dans le traitement des troubles de l&rsquo;humeur, le Dr Leuchter concentre ses recherches sur l&rsquo;am\u00e9lioration du traitement des troubles de l&rsquo;humeur.<\/span><span style=\"color: var( --e-global-color-text ); font-weight: var( --e-global-typography-text-font-weight ); letter-spacing: -0.2px;\">de la d\u00e9pression. Il dirige le service clinique et de recherche sur la stimulation magn\u00e9tique transcr\u00e2nienne (TMS) de la division UCLA. Le Dr Leuchter dirige des essais cliniques visant \u00e0 d\u00e9velopper de nouvelles technologies de neuromodulation pour le traitement de la d\u00e9pression et du syndrome de stress post-traumatique (SSPT), notamment la stimulation magn\u00e9tique transcr\u00e2nienne synchronis\u00e9e (sTMS) et la stimulation du nerf trijumeau (TNS). Il utilise des techniques d&rsquo;imagerie c\u00e9r\u00e9brale, telles que l&rsquo;\u00e9lectroenc\u00e9phalographie quantitative (qEEG), l&rsquo;imagerie par r\u00e9sonance magn\u00e9tique (IRM) et la tomographie par \u00e9mission de positons (TEP), pour examiner les fonctions c\u00e9r\u00e9brales et pr\u00e9dire les traitements les plus susceptibles d&rsquo;\u00eatre b\u00e9n\u00e9fiques pour chaque patient.<\/span><span style=\"color: var( --e-global-color-text ); letter-spacing: -0.2px;\"><b>  Son programme de recherche combine des essais cliniques avec des \u00e9tudes neurophysiologiques et d&rsquo;imagerie c\u00e9r\u00e9brale pour \u00e9clairer la pratique clinique dans le traitement de la d\u00e9pression.  <\/b><\/span><span style=\"color: var( --e-global-color-text ); font-weight: var( --e-global-typography-text-font-weight ); letter-spacing: -0.2px;\">En tant qu&rsquo;\u00e9lectroenc\u00e9phalographe certifi\u00e9, il poss\u00e8de une expertise unique dans le d\u00e9veloppement de biomarqueurs et a d\u00e9montr\u00e9 que les sch\u00e9mas d&rsquo;oscillation du cerveau peuvent \u00eatre utilis\u00e9s pour d\u00e9terminer un traitement hautement b\u00e9n\u00e9fique et individualis\u00e9.<\/span><b style=\"color: var( --e-global-color-text ); letter-spacing: -0.2px;\">&nbsp;<\/b><\/p><\/li>\n<\/ul>\n<div><span style=\"font-family: Open Sans, sans-serif;\">Source :&nbsp;<a href=\"https:\/\/andrewleuchter.com\/\">https:\/\/andrewleuchter.com\/<\/a><\/span><\/div>\t\t\t\t\t\t\t\t<\/div>\n\t\t\t\t<\/div>\n\t\t\t\t\t<\/div>\n\t\t<\/div>\n\t\t\t\t\t<\/div>\n\t\t<\/section>\n\t\t\t\t<\/div>\n\t\t","protected":false},"excerpt":{"rendered":"<p>Dr. Mark S. George, MD En 1995, le Dr Mark George, originaire de Caroline du Sud, est revenu \u00e0 Charleston et a mis en place une division d&rsquo;imagerie c\u00e9r\u00e9brale de recherche \u00e0 l&rsquo;\u00e9chelle du campus et le laboratoire de stimulation c\u00e9r\u00e9brale au sein du d\u00e9partement de psychiatrie. Alors qu&rsquo;il \u00e9tait \u00e9tudiant de premier cycle en<\/p>\n","protected":false},"author":1,"featured_media":1852,"parent":0,"menu_order":0,"comment_status":"closed","ping_status":"closed","template":"","meta":{"_acf_changed":false,"give_campaign_id":0,"_coblocks_attr":"","_coblocks_dimensions":"","_coblocks_responsive_height":"","_coblocks_accordion_ie_support":"","footnotes":""},"class_list":["post-1970","page","type-page","status-publish","has-post-thumbnail","hentry"],"acf":[],"aioseo_notices":[],"campaignId":"","_links":{"self":[{"href":"https:\/\/polarbearfoundation.org\/fr\/wp-json\/wp\/v2\/pages\/1970","targetHints":{"allow":["GET"]}}],"collection":[{"href":"https:\/\/polarbearfoundation.org\/fr\/wp-json\/wp\/v2\/pages"}],"about":[{"href":"https:\/\/polarbearfoundation.org\/fr\/wp-json\/wp\/v2\/types\/page"}],"author":[{"embeddable":true,"href":"https:\/\/polarbearfoundation.org\/fr\/wp-json\/wp\/v2\/users\/1"}],"replies":[{"embeddable":true,"href":"https:\/\/polarbearfoundation.org\/fr\/wp-json\/wp\/v2\/comments?post=1970"}],"version-history":[{"count":0,"href":"https:\/\/polarbearfoundation.org\/fr\/wp-json\/wp\/v2\/pages\/1970\/revisions"}],"wp:featuredmedia":[{"embeddable":true,"href":"https:\/\/polarbearfoundation.org\/fr\/wp-json\/wp\/v2\/media\/1852"}],"wp:attachment":[{"href":"https:\/\/polarbearfoundation.org\/fr\/wp-json\/wp\/v2\/media?parent=1970"}],"curies":[{"name":"wp","href":"https:\/\/api.w.org\/{rel}","templated":true}]}}