{"id":1981,"date":"2022-12-23T21:09:35","date_gmt":"2022-12-24T01:09:35","guid":{"rendered":"https:\/\/polarbearfoundation.org\/lequipe-de-recherche\/"},"modified":"2024-12-17T21:09:27","modified_gmt":"2024-12-18T01:09:27","slug":"lequipe-de-recherche","status":"publish","type":"page","link":"https:\/\/polarbearfoundation.org\/fr\/lequipe-de-recherche\/","title":{"rendered":"L&rsquo;\u00e9quipe de recherche"},"content":{"rendered":"\t\t<div data-elementor-type=\"wp-page\" data-elementor-id=\"1981\" class=\"elementor elementor-1981 elementor-1704\">\n\t\t\t\t\t\t<section class=\"elementor-section elementor-top-section elementor-element elementor-element-c933d3a elementor-section-stretched elementor-section-boxed elementor-section-height-default elementor-section-height-default\" data-id=\"c933d3a\" data-element_type=\"section\" data-e-type=\"section\" data-settings=\"{&quot;stretch_section&quot;:&quot;section-stretched&quot;}\">\n\t\t\t\t\t\t<div class=\"elementor-container elementor-column-gap-default\">\n\t\t\t\t\t<div class=\"elementor-column elementor-col-50 elementor-top-column elementor-element elementor-element-16261f4\" data-id=\"16261f4\" data-element_type=\"column\" data-e-type=\"column\">\n\t\t\t<div class=\"elementor-widget-wrap elementor-element-populated\">\n\t\t\t\t\t\t<div class=\"elementor-element elementor-element-6345325 elementor-widget elementor-widget-image\" data-id=\"6345325\" data-element_type=\"widget\" data-e-type=\"widget\" data-widget_type=\"image.default\">\n\t\t\t\t<div class=\"elementor-widget-container\">\n\t\t\t\t\t\t\t\t\t\t\t\t\t\t\t<img fetchpriority=\"high\" decoding=\"async\" width=\"500\" height=\"500\" src=\"https:\/\/polarbearfoundation.org\/wp-content\/uploads\/2022\/12\/Julien-Rodot-Osteo.png\" class=\"attachment-large size-large wp-image-1754\" alt=\"Julien Rodot\" srcset=\"https:\/\/polarbearfoundation.org\/wp-content\/uploads\/2022\/12\/Julien-Rodot-Osteo.png 500w, https:\/\/polarbearfoundation.org\/wp-content\/uploads\/2022\/12\/Julien-Rodot-Osteo-300x300.png 300w, https:\/\/polarbearfoundation.org\/wp-content\/uploads\/2022\/12\/Julien-Rodot-Osteo-150x150.png 150w\" sizes=\"(max-width: 500px) 100vw, 500px\" \/>\t\t\t\t\t\t\t\t\t\t\t\t\t\t\t<\/div>\n\t\t\t\t<\/div>\n\t\t\t\t<div class=\"elementor-element elementor-element-be0fada elementor-widget elementor-widget-text-editor\" data-id=\"be0fada\" data-element_type=\"widget\" data-e-type=\"widget\" data-widget_type=\"text-editor.default\">\n\t\t\t\t<div class=\"elementor-widget-container\">\n\t\t\t\t\t\t\t\t\t<h5>Julien Rodot<\/h5>\n<h6><em><strong>Expert en stimulation du nerf vague et ost\u00e9opathe<\/strong><\/em><\/h6>\n\t\t\t\t\t\t\t\t<\/div>\n\t\t\t\t<\/div>\n\t\t\t\t<div class=\"elementor-element elementor-element-ebfca8e elementor-widget elementor-widget-text-editor\" data-id=\"ebfca8e\" data-element_type=\"widget\" data-e-type=\"widget\" data-widget_type=\"text-editor.default\">\n\t\t\t\t<div class=\"elementor-widget-container\">\n\t\t\t\t\t\t\t\t\t<p><strong>Julien Rodot est un ost\u00e9opathe bas\u00e9 au Canada.<\/strong> L&rsquo;ost\u00e9opathie est une forme de th\u00e9rapie manuelle qui se concentre sur le syst\u00e8me musculo-squelettique et le traitement des affections qui affectent les os, les muscles et les articulations.<\/p>\n<p>M. Rodot a re\u00e7u sa formation en ost\u00e9opathie au Coll\u00e8ge d&rsquo;\u00c9tudes Ost\u00e9opathiques d&rsquo;Avignon, en France. Il est membre de l&rsquo;AONB (Association des ost\u00e9opathes du Nouveau-Brunswick) et est autoris\u00e9 \u00e0 pratiquer l&rsquo;ost\u00e9opathie au Canada.<\/p>\n<p><strong>En tant qu&rsquo;ost\u00e9opathe, M. Rodot utilise diverses techniques, notamment la manipulation cr\u00e2nio-sacr\u00e9e, la manipulation visc\u00e9rale et l&rsquo;ajustement des articulations, et traite un large \u00e9ventail d&rsquo;affections musculo-squelettiques.<\/strong> Il travaille avec des patients de tous \u00e2ges et s&rsquo;int\u00e9resse particuli\u00e8rement aux blessures sportives et au traitement des douleurs chroniques.<\/p>\n<p>En plus de son travail clinique, M. Rodot est \u00e9galement impliqu\u00e9 dans l&rsquo;enseignement et la formation d&rsquo;autres ost\u00e9opathes. <\/p>\n<p>En conclusion, <b>Julien Rodot est un ost\u00e9opathe tr\u00e8s respect\u00e9 et dot\u00e9 d&rsquo;une grande exp\u00e9rience dans le domaine<\/b>. Il se consacre \u00e0 aider ses patients \u00e0 am\u00e9liorer leur sant\u00e9 musculo-squelettique et s&rsquo;engage \u00e0 faire progresser le domaine de l&rsquo;ost\u00e9opathie par l&rsquo;enseignement et le mentorat.<\/p>\n\t\t\t\t\t\t\t\t<\/div>\n\t\t\t\t<\/div>\n\t\t\t\t\t<\/div>\n\t\t<\/div>\n\t\t\t\t<div class=\"elementor-column elementor-col-50 elementor-top-column elementor-element elementor-element-8c14811\" data-id=\"8c14811\" data-element_type=\"column\" data-e-type=\"column\">\n\t\t\t<div class=\"elementor-widget-wrap elementor-element-populated\">\n\t\t\t\t\t\t<div class=\"elementor-element elementor-element-5172894 elementor-widget elementor-widget-image\" data-id=\"5172894\" data-element_type=\"widget\" data-e-type=\"widget\" data-widget_type=\"image.default\">\n\t\t\t\t<div class=\"elementor-widget-container\">\n\t\t\t\t\t\t\t\t\t\t\t\t\t\t\t<img decoding=\"async\" width=\"500\" height=\"500\" src=\"https:\/\/polarbearfoundation.org\/wp-content\/uploads\/2023\/01\/Caroline-Jose.png\" class=\"attachment-large size-large wp-image-3335\" alt=\"Caroline Jose\" srcset=\"https:\/\/polarbearfoundation.org\/wp-content\/uploads\/2023\/01\/Caroline-Jose.png 500w, https:\/\/polarbearfoundation.org\/wp-content\/uploads\/2023\/01\/Caroline-Jose-300x300.png 300w, https:\/\/polarbearfoundation.org\/wp-content\/uploads\/2023\/01\/Caroline-Jose-150x150.png 150w\" sizes=\"(max-width: 500px) 100vw, 500px\" \/>\t\t\t\t\t\t\t\t\t\t\t\t\t\t\t<\/div>\n\t\t\t\t<\/div>\n\t\t\t\t<div class=\"elementor-element elementor-element-ea337d6 elementor-widget elementor-widget-text-editor\" data-id=\"ea337d6\" data-element_type=\"widget\" data-e-type=\"widget\" data-widget_type=\"text-editor.default\">\n\t\t\t\t<div class=\"elementor-widget-container\">\n\t\t\t\t\t\t\t\t\t<h5>Caroline Jose<\/h5>\n<h6><b><i>Chercheur scientifique pour le R\u00e9seau de sant\u00e9 Vitalit\u00e9 <\/i><\/b><\/h6>\n\t\t\t\t\t\t\t\t<\/div>\n\t\t\t\t<\/div>\n\t\t\t\t<div class=\"elementor-element elementor-element-dffa3b9 elementor-widget elementor-widget-text-editor\" data-id=\"dffa3b9\" data-element_type=\"widget\" data-e-type=\"widget\" data-widget_type=\"text-editor.default\">\n\t\t\t\t<div class=\"elementor-widget-container\">\n\t\t\t\t\t\t\t\t\t<p><b>La Dre Caroline Jose est chercheuse scientifique pour le R\u00e9seau de sant\u00e9 Vitalit\u00e9 \u00e0 Moncton, au Nouveau-Brunswick.<\/b> Auparavant directrice de la recherche clinique et des cliniques sp\u00e9cialis\u00e9es du <a href=\"https:\/\/www.vitalitenb.ca\/en\">R\u00e9seau<\/a>, le Dr Jose consacre maintenant la majeure partie de son temps \u00e0 la recherche dans le domaine de l&rsquo;autisme. Elle dirige un programme de recherche ax\u00e9 sur les patients et portant sur la sant\u00e9 des adultes atteints de troubles neurod\u00e9veloppementaux dans le Canada atlantique. Le Dr Jose est \u00e9galement le responsable scientifique de la Biobanque du CHU Dumont et des plateformes d&rsquo;essais cliniques de Vitalit\u00e9. <br \/>Le Dr Jose est titulaire d&rsquo;un doctorat en physiopathologie cellulaire de l&rsquo;Universit\u00e9 Bordeaux-Segalen en France, o\u00f9 elle a \u00e9tudi\u00e9 le m\u00e9tabolisme du cancer et la g\u00e9n\u00e9tique de la transformation des cellules normales en cellules malignes. Elle a alors d\u00e9cid\u00e9 de s&rsquo;inscrire \u00e0 des \u00e9tudes de m\u00e9decine pour comprendre la physiologie des maladies d&rsquo;un point de vue clinique. Au cours de ces trois ann\u00e9es, elle a acquis les comp\u00e9tences et les connaissances n\u00e9cessaires pour poursuivre sa carri\u00e8re dans la recherche translationnelle, un type de recherche qui recherche<b>  pour mettre en pratique les d\u00e9couvertes scientifiques plus rapidement et plus efficacement.<\/b>  Elle a compl\u00e9t\u00e9 sa formation par un postdoc \u00e0 Padoue, en Italie, et un autre \u00e0 l&rsquo;Institut atlantique de recherche sur le cancer \u00e0 Moncton, au Nouveau-Brunswick.  <br \/>D\u00e9termin\u00e9e \u00e0 mener des recherches ayant un impact tangible sur les patients, elle a accept\u00e9 un poste d&rsquo;associ\u00e9e de recherche \u00e0 l&rsquo;unit\u00e9 de soutien SPOR des Maritimes, une unit\u00e9 de recherche consacr\u00e9e \u00e0 la recherche ax\u00e9e sur le patient, et est rapidement devenue la championne r\u00e9gionale de l&rsquo;engagement des patients dans la recherche en sant\u00e9. <br \/>Elle a publi\u00e9 de nombreux articles dans des revues scientifiques et a re\u00e7u plusieurs prix et subventions pour ses recherches.<b> Elle est renomm\u00e9e pour ses approches innovantes en mati\u00e8re de transfert de connaissances et son talent pour rassembler les gens afin d&rsquo;am\u00e9liorer la recherche et les r\u00e9sultats pour les patients<\/b>, notamment dans la communaut\u00e9 de recherche sur l&rsquo;autisme.  <br \/>En plus de ses recherches, le Dr Jose participe activement \u00e0 la formation de la prochaine g\u00e9n\u00e9ration de chercheurs orient\u00e9s vers les patients.  Elle est professeure adjointe au d\u00e9partement de m\u00e9decine familiale de l&rsquo;Universit\u00e9 de Sherbrooke, QC, et participe \u00e0 la formation d&rsquo;\u00e9tudiants dipl\u00f4m\u00e9s en sciences de la sant\u00e9 et d&rsquo;\u00e9tudiants en m\u00e9decine pr\u00e9-doctoraux.<br \/>Dans l&rsquo;ensemble, gr\u00e2ce \u00e0<b> son exp\u00e9rience multidisciplinaire et \u00e0 sa passion sans bornes pour la recherche et les gens<\/b>, la Dre Jose consacre sa carri\u00e8re \u00e0 int\u00e9grer l&rsquo;exp\u00e9rience v\u00e9cue des patients dans la recherche et \u00e0 faciliter le transfert des connaissances dans les soins en collaborant avec des patients, des chercheurs, des cliniciens et des d\u00e9cideurs de tout le Canada. Le Dr Jose apporte \u00e9galement son exp\u00e9rience en tant que patiente atteinte d&rsquo;un cancer ou d&rsquo;un TDAH et en tant que soignante dans de multiples projets. Elle consacre son temps libre \u00e0 guider la planification de soins, de recherches et de services innovants et sensibles aux besoins des patients.<\/p>\n\t\t\t\t\t\t\t\t<\/div>\n\t\t\t\t<\/div>\n\t\t\t\t\t<\/div>\n\t\t<\/div>\n\t\t\t\t\t<\/div>\n\t\t<\/section>\n\t\t\t\t<section class=\"elementor-section elementor-top-section elementor-element elementor-element-b40439a elementor-section-stretched elementor-section-boxed elementor-section-height-default elementor-section-height-default\" data-id=\"b40439a\" data-element_type=\"section\" data-e-type=\"section\" data-settings=\"{&quot;stretch_section&quot;:&quot;section-stretched&quot;}\">\n\t\t\t\t\t\t<div class=\"elementor-container elementor-column-gap-default\">\n\t\t\t\t\t<div class=\"elementor-column elementor-col-50 elementor-top-column elementor-element elementor-element-30fefb8\" data-id=\"30fefb8\" data-element_type=\"column\" data-e-type=\"column\">\n\t\t\t<div class=\"elementor-widget-wrap\">\n\t\t\t\t\t\t\t<\/div>\n\t\t<\/div>\n\t\t\t\t<div class=\"elementor-column elementor-col-50 elementor-top-column elementor-element elementor-element-9d7f092\" data-id=\"9d7f092\" data-element_type=\"column\" data-e-type=\"column\">\n\t\t\t<div class=\"elementor-widget-wrap elementor-element-populated\">\n\t\t\t\t\t\t<div class=\"elementor-element elementor-element-08d1133 elementor-widget elementor-widget-image\" data-id=\"08d1133\" data-element_type=\"widget\" data-e-type=\"widget\" data-widget_type=\"image.default\">\n\t\t\t\t<div class=\"elementor-widget-container\">\n\t\t\t\t\t\t\t\t\t\t\t\t\t\t\t<img decoding=\"async\" width=\"500\" height=\"500\" src=\"https:\/\/polarbearfoundation.org\/wp-content\/uploads\/2022\/12\/andree-robichaud-central-health-rev1.png\" class=\"attachment-large size-large wp-image-1763\" alt=\"andree robichaud central health rev1\" srcset=\"https:\/\/polarbearfoundation.org\/wp-content\/uploads\/2022\/12\/andree-robichaud-central-health-rev1.png 500w, https:\/\/polarbearfoundation.org\/wp-content\/uploads\/2022\/12\/andree-robichaud-central-health-rev1-300x300.png 300w, https:\/\/polarbearfoundation.org\/wp-content\/uploads\/2022\/12\/andree-robichaud-central-health-rev1-150x150.png 150w\" sizes=\"(max-width: 500px) 100vw, 500px\" \/>\t\t\t\t\t\t\t\t\t\t\t\t\t\t\t<\/div>\n\t\t\t\t<\/div>\n\t\t\t\t<div class=\"elementor-element elementor-element-a5b97ff elementor-widget elementor-widget-text-editor\" data-id=\"a5b97ff\" data-element_type=\"widget\" data-e-type=\"widget\" data-widget_type=\"text-editor.default\">\n\t\t\t\t<div class=\"elementor-widget-container\">\n\t\t\t\t\t\t\t\t\t<h5>Andr\u00e9e Robichaud<\/h5><h6><strong>Central Health | Chief Executive Officer | Gander, NL<\/strong><\/h6>\t\t\t\t\t\t\t\t<\/div>\n\t\t\t\t<\/div>\n\t\t\t\t<div class=\"elementor-element elementor-element-10db087 elementor-widget elementor-widget-text-editor\" data-id=\"10db087\" data-element_type=\"widget\" data-e-type=\"widget\" data-widget_type=\"text-editor.default\">\n\t\t\t\t<div class=\"elementor-widget-container\">\n\t\t\t\t\t\t\t\t\t<p><b>Andr\u00e9e Robichaud a acquis une vaste exp\u00e9rience au cours des deux derni\u00e8res d\u00e9cennies <\/b>en tant que cadre dans le domaine de la sant\u00e9. <b>Mme Robichaud est pr\u00e9sidente et chef de la direction de la Central Health Authority \u00e0 Terre-Neuve-et-Labrador <\/b>et a \u00e9t\u00e9 pr\u00e9sidente et chef de la direction par int\u00e9rim du Scarborough Rouge Hospital, ainsi que pr\u00e9sidente et chef de la direction du Rouge Valley Health System, du Thunder Bay Regional Health Sciences Centre, du Thunder Bay Regional Research Institute et de la R\u00e9gie r\u00e9gionale de la sant\u00e9 Vitalit\u00e9 Sant\u00e9 \u00e0 Bathurst, au Nouveau-Brunswick.<br \/><b>Mme Robichaud poss\u00e8de \u00e9galement une exp\u00e9rience de la planification strat\u00e9gique et de l&rsquo;\u00e9laboration de politiques en tant qu&rsquo;ancienne sous-ministre d\u00e9l\u00e9gu\u00e9e de la Sant\u00e9<\/b> au sein du gouvernement du Nouveau-Brunswick.<br \/><b>Mme Robichaud participe activement \u00e0 la vie communautaire et a pr\u00e9sid\u00e9 le Comit\u00e9 consultatif de la Conf\u00e9rence des sous-ministres f\u00e9d\u00e9raux et provinciaux sur la prestation des soins de sant\u00e9 <\/b>et les ressources humaines en sant\u00e9. Elle a \u00e9galement \u00e9t\u00e9 membre du conseil d&rsquo;administration de l&rsquo;Institut atlantique de recherche sur le cancer, du R\u00e9seau T\u00e9l\u00e9m\u00e9decine Ontario (RTO), de Medbuy et de Plexxus. En 2013, elle a eu l&rsquo;honneur d&rsquo;\u00eatre nomm\u00e9e au Conseil m\u00e9dical du Canada.<\/p>\t\t\t\t\t\t\t\t<\/div>\n\t\t\t\t<\/div>\n\t\t\t\t\t<\/div>\n\t\t<\/div>\n\t\t\t\t\t<\/div>\n\t\t<\/section>\n\t\t\t\t<\/div>\n\t\t","protected":false},"excerpt":{"rendered":"<p>Julien Rodot Expert en stimulation du nerf vague et ost\u00e9opathe Julien Rodot est un ost\u00e9opathe bas\u00e9 au Canada. L&rsquo;ost\u00e9opathie est une forme de th\u00e9rapie manuelle qui se concentre sur le syst\u00e8me musculo-squelettique et le traitement des affections qui affectent les os, les muscles et les articulations. M. Rodot a re\u00e7u sa formation en ost\u00e9opathie au<\/p>\n","protected":false},"author":1,"featured_media":1858,"parent":0,"menu_order":0,"comment_status":"closed","ping_status":"closed","template":"","meta":{"_acf_changed":false,"give_campaign_id":0,"_coblocks_attr":"","_coblocks_dimensions":"","_coblocks_responsive_height":"","_coblocks_accordion_ie_support":"","footnotes":""},"class_list":["post-1981","page","type-page","status-publish","has-post-thumbnail","hentry"],"acf":[],"aioseo_notices":[],"campaignId":"","_links":{"self":[{"href":"https:\/\/polarbearfoundation.org\/fr\/wp-json\/wp\/v2\/pages\/1981","targetHints":{"allow":["GET"]}}],"collection":[{"href":"https:\/\/polarbearfoundation.org\/fr\/wp-json\/wp\/v2\/pages"}],"about":[{"href":"https:\/\/polarbearfoundation.org\/fr\/wp-json\/wp\/v2\/types\/page"}],"author":[{"embeddable":true,"href":"https:\/\/polarbearfoundation.org\/fr\/wp-json\/wp\/v2\/users\/1"}],"replies":[{"embeddable":true,"href":"https:\/\/polarbearfoundation.org\/fr\/wp-json\/wp\/v2\/comments?post=1981"}],"version-history":[{"count":0,"href":"https:\/\/polarbearfoundation.org\/fr\/wp-json\/wp\/v2\/pages\/1981\/revisions"}],"wp:featuredmedia":[{"embeddable":true,"href":"https:\/\/polarbearfoundation.org\/fr\/wp-json\/wp\/v2\/media\/1858"}],"wp:attachment":[{"href":"https:\/\/polarbearfoundation.org\/fr\/wp-json\/wp\/v2\/media?parent=1981"}],"curies":[{"name":"wp","href":"https:\/\/api.w.org\/{rel}","templated":true}]}}