{"id":3106,"date":"2022-12-27T17:58:13","date_gmt":"2022-12-27T21:58:13","guid":{"rendered":"https:\/\/polarbearfoundation.org\/notre-solution\/"},"modified":"2023-01-15T16:09:54","modified_gmt":"2023-01-15T20:09:54","slug":"notre-solution","status":"publish","type":"page","link":"https:\/\/polarbearfoundation.org\/fr\/notre-solution\/","title":{"rendered":"Notre solution"},"content":{"rendered":"\t\t<div data-elementor-type=\"wp-page\" data-elementor-id=\"3106\" class=\"elementor elementor-3106 elementor-2651\">\n\t\t\t\t\t\t<section class=\"elementor-section elementor-top-section elementor-element elementor-element-db0c7a7 elementor-section-boxed elementor-section-height-default elementor-section-height-default\" data-id=\"db0c7a7\" data-element_type=\"section\" data-e-type=\"section\">\n\t\t\t\t\t\t<div class=\"elementor-container elementor-column-gap-default\">\n\t\t\t\t\t<div class=\"elementor-column elementor-col-100 elementor-top-column elementor-element elementor-element-f18b3f3\" data-id=\"f18b3f3\" data-element_type=\"column\" data-e-type=\"column\">\n\t\t\t<div class=\"elementor-widget-wrap elementor-element-populated\">\n\t\t\t\t\t\t<div class=\"elementor-element elementor-element-a90584b elementor-widget elementor-widget-text-editor\" data-id=\"a90584b\" data-element_type=\"widget\" data-e-type=\"widget\" data-widget_type=\"text-editor.default\">\n\t\t\t\t<div class=\"elementor-widget-container\">\n\t\t\t\t\t\t\t\t\t<h3>Notre solution : Stimulation non invasive du nerf vague contre la d\u00e9pression et l&rsquo;anxi\u00e9t\u00e9<\/h3>\n<p><br><\/p>\n<p><b>R\u00e9sum\u00e9 du protocole :&nbsp;<\/b><\/p>\n<p>La <b>d\u00e9pression et l&rsquo;anxi\u00e9t\u00e9 sont des troubles mentaux courants<\/b> qui touchent des millions de personnes dans le monde. Malgr\u00e9 l&rsquo;existence de divers traitements, une proportion importante de patients continue de souffrir de ces affections.  <b>La stimulation non invasive du nerf vague (taVNS) est un nouveau traitement prometteur pour ces troubles, qui a donn\u00e9 des r\u00e9sultats positifs lors des premiers essais cliniques.<\/b><\/p>\n<p><b style=\"color: var( --e-global-color-text ); letter-spacing: -0.2px;\">L&rsquo;objectif de cette \u00e9tude est de r\u00e9v\u00e9ler le sch\u00e9ma des changements des param\u00e8tres de variabilit\u00e9 de la fr\u00e9quence cardiaque (VRC) pendant le traitement taVNS et le traitement fictif, et de comprendre la base de l&rsquo;effet th\u00e9rapeutique du taVNS.<\/b><span style=\"color: var( --e-global-color-text ); letter-spacing: -0.2px;\">. L&rsquo;\u00e9tude \u00e9valuera la VRC de base dans une cohorte de patients souffrant de troubles d\u00e9pressifs majeurs (TDM) et \u00e9tablira une corr\u00e9lation entre la VRC de base et la symptomatologie\/gravit\u00e9 du TDM. Le tonus vagal cardiaque sera modul\u00e9 par le traitement taVNS.<\/span><br><\/p>\n<p><b style=\"color: var( --e-global-color-text ); letter-spacing: -0.2px;\">Le deuxi\u00e8me objectif est d&rsquo;explorer les biomarqueurs VRC qui pourraient pr\u00e9dire le succ\u00e8s du traitement longitudinal taVNS avant m\u00eame le premier traitement et d&rsquo;identifier les patients qui pourraient b\u00e9n\u00e9ficier le plus du taVNS.<\/b><span style=\"color: var( --e-global-color-text ); letter-spacing: -0.2px;\">  L&rsquo;\u00e9tude \u00e9valuera l&rsquo;association potentielle entre les plages de variation de la VRC par rapport \u00e0 la ligne de base et les r\u00e9sultats cliniques pendant et apr\u00e8s le traitement par taVNS.<\/span><br><\/p>\n<p><span style=\"color: var( --e-global-color-text ); letter-spacing: -0.2px;\">L&rsquo;hypoth\u00e8se de l&rsquo;\u00e9tude est que les patients souffrant de TDM avec une activit\u00e9 vagale plus faible index\u00e9e par la variabilit\u00e9 de la fr\u00e9quence cardiaque \u00e0 m\u00e9diation vagale (vmHRV) b\u00e9n\u00e9ficieront davantage du traitement taVNS que les patients souffrant de TDM avec une activit\u00e9 vagale de base plus \u00e9lev\u00e9e.  <\/span><b style=\"color: var( --e-global-color-text ); letter-spacing: -0.2px;\">Les r\u00e9sultats de cette \u00e9tude fourniront des informations cruciales sur l&rsquo;association entre l&rsquo;augmentation du VRC pendant la stimulation du taVNS et le r\u00e9sultat clinique, et pourraient ouvrir la voie \u00e0 des traitements plus efficaces de la d\u00e9pression et de l&rsquo;anxi\u00e9t\u00e9.<\/b><br><\/p>\n<p><br><\/p>\t\t\t\t\t\t\t\t<\/div>\n\t\t\t\t<\/div>\n\t\t\t\t\t<\/div>\n\t\t<\/div>\n\t\t\t\t\t<\/div>\n\t\t<\/section>\n\t\t\t\t<\/div>\n\t\t","protected":false},"excerpt":{"rendered":"<p>Notre solution : Stimulation non invasive du nerf vague contre la d\u00e9pression et l&rsquo;anxi\u00e9t\u00e9 R\u00e9sum\u00e9 du protocole :&nbsp; La d\u00e9pression et l&rsquo;anxi\u00e9t\u00e9 sont des troubles mentaux courants qui touchent des millions de personnes dans le monde. Malgr\u00e9 l&rsquo;existence de divers traitements, une proportion importante de patients continue de souffrir de ces affections. La stimulation non<\/p>\n","protected":false},"author":1,"featured_media":2700,"parent":0,"menu_order":0,"comment_status":"closed","ping_status":"closed","template":"","meta":{"_acf_changed":false,"give_campaign_id":0,"_coblocks_attr":"","_coblocks_dimensions":"","_coblocks_responsive_height":"","_coblocks_accordion_ie_support":"","footnotes":""},"class_list":["post-3106","page","type-page","status-publish","has-post-thumbnail","hentry"],"acf":[],"aioseo_notices":[],"campaignId":"","_links":{"self":[{"href":"https:\/\/polarbearfoundation.org\/fr\/wp-json\/wp\/v2\/pages\/3106","targetHints":{"allow":["GET"]}}],"collection":[{"href":"https:\/\/polarbearfoundation.org\/fr\/wp-json\/wp\/v2\/pages"}],"about":[{"href":"https:\/\/polarbearfoundation.org\/fr\/wp-json\/wp\/v2\/types\/page"}],"author":[{"embeddable":true,"href":"https:\/\/polarbearfoundation.org\/fr\/wp-json\/wp\/v2\/users\/1"}],"replies":[{"embeddable":true,"href":"https:\/\/polarbearfoundation.org\/fr\/wp-json\/wp\/v2\/comments?post=3106"}],"version-history":[{"count":0,"href":"https:\/\/polarbearfoundation.org\/fr\/wp-json\/wp\/v2\/pages\/3106\/revisions"}],"wp:featuredmedia":[{"embeddable":true,"href":"https:\/\/polarbearfoundation.org\/fr\/wp-json\/wp\/v2\/media\/2700"}],"wp:attachment":[{"href":"https:\/\/polarbearfoundation.org\/fr\/wp-json\/wp\/v2\/media?parent=3106"}],"curies":[{"name":"wp","href":"https:\/\/api.w.org\/{rel}","templated":true}]}}