{"id":3131,"date":"2022-12-27T17:59:37","date_gmt":"2022-12-27T21:59:37","guid":{"rendered":"https:\/\/polarbearfoundation.org\/finances\/"},"modified":"2023-01-20T23:21:58","modified_gmt":"2023-01-21T03:21:58","slug":"finances","status":"publish","type":"page","link":"https:\/\/polarbearfoundation.org\/fr\/finances\/","title":{"rendered":"Finances"},"content":{"rendered":"\t\t<div data-elementor-type=\"wp-page\" data-elementor-id=\"3131\" class=\"elementor elementor-3131 elementor-2656\">\n\t\t\t\t\t\t<section class=\"elementor-section elementor-top-section elementor-element elementor-element-9301e2a elementor-section-boxed elementor-section-height-default elementor-section-height-default\" data-id=\"9301e2a\" data-element_type=\"section\" data-e-type=\"section\">\n\t\t\t\t\t\t<div class=\"elementor-container elementor-column-gap-default\">\n\t\t\t\t\t<div class=\"elementor-column elementor-col-100 elementor-top-column elementor-element elementor-element-5373701\" data-id=\"5373701\" data-element_type=\"column\" data-e-type=\"column\">\n\t\t\t<div class=\"elementor-widget-wrap elementor-element-populated\">\n\t\t\t\t\t\t<div class=\"elementor-element elementor-element-86a42b7 elementor-widget elementor-widget-heading\" data-id=\"86a42b7\" data-element_type=\"widget\" data-e-type=\"widget\" data-widget_type=\"heading.default\">\n\t\t\t\t<div class=\"elementor-widget-container\">\n\t\t\t\t\t<h2 class=\"elementor-heading-title elementor-size-default\">Aper\u00e7u des finances.<\/h2>\t\t\t\t<\/div>\n\t\t\t\t<\/div>\n\t\t\t\t<div class=\"elementor-element elementor-element-265f72b elementor-widget elementor-widget-text-editor\" data-id=\"265f72b\" data-element_type=\"widget\" data-e-type=\"widget\" data-widget_type=\"text-editor.default\">\n\t\t\t\t<div class=\"elementor-widget-container\">\n\t\t\t\t\t\t\t\t\t<p>Bienvenue dans l&rsquo;aper\u00e7u financier des essais cliniques de notre fondation sur la stimulation non invasive du nerf vague (nVNS).&nbsp;<\/p>\n<p><b><span style=\"letter-spacing: -0.2px; color: var( --e-global-color-text );\">nVNS<\/span>&nbsp;est un traitement qui utilise des impulsions \u00e9lectriques pour stimuler le<\/b> nerf vague.<b>&nbsp;<\/b><span style=\"letter-spacing: -0.2px;\">\n  <b>Le nerf vague<\/b>\n<\/span>Il s&rsquo;agit d&rsquo;un nerf cr\u00e2nien qui va du tronc c\u00e9r\u00e9bral \u00e0 l&rsquo;abdomen et joue un r\u00f4le dans le contr\u00f4le de diverses fonctions corporelles telles que le rythme cardiaque, la digestion et la r\u00e9ponse du syst\u00e8me immunitaire.&nbsp;<\/p><p><span style=\"color: var( --e-global-color-text ); font-weight: var( --e-global-typography-text-font-weight ); letter-spacing: -0.2px;\">Les essais cliniques sont des \u00e9tudes de recherche qui impliquent des personnes et sont con\u00e7ues pour tester la s\u00e9curit\u00e9 et l&rsquo;efficacit\u00e9 de nouveaux traitements ou th\u00e9rapies m\u00e9dicaux.<\/span><\/p>\n<p>Les aspects financiers des essais cliniques peuvent \u00eatre complexes et impliquer de nombreux co\u00fbts diff\u00e9rents, tels que le <b>co\u00fbt de la r\u00e9alisation de l&rsquo;\u00e9tude, le paiement des participants et l&rsquo;achat des \u00e9quipements et fournitures n\u00e9cessaires.<\/b> <b>&nbsp;<\/b><\/p>\n<p><b><i>Notre fondation a financ\u00e9 des essais cliniques sur la nVNS en tant que traitement potentiel de diverses affections, notamment la d\u00e9pression et l&rsquo;anxi\u00e9t\u00e9.<\/i><\/b><\/p>\n<p>Dans cet aper\u00e7u, nous passerons en revue les donn\u00e9es financi\u00e8res de nos essais cliniques en cours et termin\u00e9s pour le nVNS, <b>y compris les sources de financement, les co\u00fbts associ\u00e9s \u00e0 la r\u00e9alisation des essais.<\/b> <b>&nbsp;<\/b><\/p>\n<p>Nous esp\u00e9rons que ces informations permettront de mieux comprendre les aspects financiers de ces importants efforts de recherche.<\/p>\t\t\t\t\t\t\t\t<\/div>\n\t\t\t\t<\/div>\n\t\t\t\t\t<\/div>\n\t\t<\/div>\n\t\t\t\t\t<\/div>\n\t\t<\/section>\n\t\t\t\t<section class=\"elementor-section elementor-top-section elementor-element elementor-element-14199de elementor-section-boxed elementor-section-height-default elementor-section-height-default\" data-id=\"14199de\" data-element_type=\"section\" data-e-type=\"section\">\n\t\t\t\t\t\t<div class=\"elementor-container elementor-column-gap-default\">\n\t\t\t\t\t<div class=\"elementor-column elementor-col-100 elementor-top-column elementor-element elementor-element-030171d\" data-id=\"030171d\" data-element_type=\"column\" data-e-type=\"column\">\n\t\t\t<div class=\"elementor-widget-wrap elementor-element-populated\">\n\t\t\t\t\t\t<div class=\"elementor-element elementor-element-a738ca8 elementor-widget elementor-widget-accordion\" data-id=\"a738ca8\" data-element_type=\"widget\" data-e-type=\"widget\" data-widget_type=\"accordion.default\">\n\t\t\t\t<div class=\"elementor-widget-container\">\n\t\t\t\t\t\t\t<div class=\"elementor-accordion\">\n\t\t\t\t\t\t\t<div class=\"elementor-accordion-item\">\n\t\t\t\t\t<div id=\"elementor-tab-title-1751\" class=\"elementor-tab-title\" data-tab=\"1\" role=\"button\" aria-controls=\"elementor-tab-content-1751\" aria-expanded=\"false\">\n\t\t\t\t\t\t\t\t\t\t\t\t\t<span class=\"elementor-accordion-icon elementor-accordion-icon-left\" aria-hidden=\"true\">\n\t\t\t\t\t\t\t\t\t\t\t\t\t\t\t<span class=\"elementor-accordion-icon-closed\"><i class=\"fas fa-plus\"><\/i><\/span>\n\t\t\t\t\t\t\t\t<span class=\"elementor-accordion-icon-opened\"><i class=\"fas fa-minus\"><\/i><\/span>\n\t\t\t\t\t\t\t\t\t\t\t\t\t\t<\/span>\n\t\t\t\t\t\t\t\t\t\t\t\t<a class=\"elementor-accordion-title\" tabindex=\"0\">\u00c9quipe de recherche - 650 000 $<\/a>\n\t\t\t\t\t<\/div>\n\t\t\t\t\t<div id=\"elementor-tab-content-1751\" class=\"elementor-tab-content elementor-clearfix\" data-tab=\"1\" role=\"region\" aria-labelledby=\"elementor-tab-title-1751\"><p>Cela inclut :<\/p>\n<ul>\n<li>Directeur de la recherche<\/li>\n<li>Assistant de recherche<\/li>\n<li>Responsable de la recherche<\/li>\n<li>\u00c9quipe de recherche<\/li>\n<li>Soutien aux patients<\/li>\n<\/ul>\n<\/div>\n\t\t\t\t<\/div>\n\t\t\t\t\t\t\t<div class=\"elementor-accordion-item\">\n\t\t\t\t\t<div id=\"elementor-tab-title-1752\" class=\"elementor-tab-title\" data-tab=\"2\" role=\"button\" aria-controls=\"elementor-tab-content-1752\" aria-expanded=\"false\">\n\t\t\t\t\t\t\t\t\t\t\t\t\t<span class=\"elementor-accordion-icon elementor-accordion-icon-left\" aria-hidden=\"true\">\n\t\t\t\t\t\t\t\t\t\t\t\t\t\t\t<span class=\"elementor-accordion-icon-closed\"><i class=\"fas fa-plus\"><\/i><\/span>\n\t\t\t\t\t\t\t\t<span class=\"elementor-accordion-icon-opened\"><i class=\"fas fa-minus\"><\/i><\/span>\n\t\t\t\t\t\t\t\t\t\t\t\t\t\t<\/span>\n\t\t\t\t\t\t\t\t\t\t\t\t<a class=\"elementor-accordion-title\" tabindex=\"0\">Mat\u00e9riel de recherche - 650 000 $<\/a>\n\t\t\t\t\t<\/div>\n\t\t\t\t\t<div id=\"elementor-tab-content-1752\" class=\"elementor-tab-content elementor-clearfix\" data-tab=\"2\" role=\"region\" aria-labelledby=\"elementor-tab-title-1752\"><p>Cela inclut :<\/p><ul><li>Ordinateurs et tablettes pour l&#8217;\u00e9quipe de recherche<\/li><li>Neurostimulateurs<\/li><li>\u00c9lectrodes personnalis\u00e9es pour la stimulation auriculaire<\/li><li>Dispositifs ECG (capteurs \/ coussins et licence logicielle pour l&#8217;analyse)<\/li><li>Serveur nuagique<\/li><\/ul><\/div>\n\t\t\t\t<\/div>\n\t\t\t\t\t\t\t<div class=\"elementor-accordion-item\">\n\t\t\t\t\t<div id=\"elementor-tab-title-1753\" class=\"elementor-tab-title\" data-tab=\"3\" role=\"button\" aria-controls=\"elementor-tab-content-1753\" aria-expanded=\"false\">\n\t\t\t\t\t\t\t\t\t\t\t\t\t<span class=\"elementor-accordion-icon elementor-accordion-icon-left\" aria-hidden=\"true\">\n\t\t\t\t\t\t\t\t\t\t\t\t\t\t\t<span class=\"elementor-accordion-icon-closed\"><i class=\"fas fa-plus\"><\/i><\/span>\n\t\t\t\t\t\t\t\t<span class=\"elementor-accordion-icon-opened\"><i class=\"fas fa-minus\"><\/i><\/span>\n\t\t\t\t\t\t\t\t\t\t\t\t\t\t<\/span>\n\t\t\t\t\t\t\t\t\t\t\t\t<a class=\"elementor-accordion-title\" tabindex=\"0\">Fournitures - 250 000 $<\/a>\n\t\t\t\t\t<\/div>\n\t\t\t\t\t<div id=\"elementor-tab-content-1753\" class=\"elementor-tab-content elementor-clearfix\" data-tab=\"3\" role=\"region\" aria-labelledby=\"elementor-tab-title-1753\"><p>Cela inclut :<\/p>\n<ul>\n<li>Gel pour \u00e9lectrode Spectra 360  <\/li>\n<li>Electrodes pour toutes les s\u00e9ances\/patient (x120)<\/li>\n<li>Piles pour le neurostimulateur<\/li>\n<li>Outils de nettoyage<\/li>\n<\/ul>\n<\/div>\n\t\t\t\t<\/div>\n\t\t\t\t\t\t\t<div class=\"elementor-accordion-item\">\n\t\t\t\t\t<div id=\"elementor-tab-title-1754\" class=\"elementor-tab-title\" data-tab=\"4\" role=\"button\" aria-controls=\"elementor-tab-content-1754\" aria-expanded=\"false\">\n\t\t\t\t\t\t\t\t\t\t\t\t\t<span class=\"elementor-accordion-icon elementor-accordion-icon-left\" aria-hidden=\"true\">\n\t\t\t\t\t\t\t\t\t\t\t\t\t\t\t<span class=\"elementor-accordion-icon-closed\"><i class=\"fas fa-plus\"><\/i><\/span>\n\t\t\t\t\t\t\t\t<span class=\"elementor-accordion-icon-opened\"><i class=\"fas fa-minus\"><\/i><\/span>\n\t\t\t\t\t\t\t\t\t\t\t\t\t\t<\/span>\n\t\t\t\t\t\t\t\t\t\t\t\t<a class=\"elementor-accordion-title\" tabindex=\"0\">Modification des \u00e9lectrodes des neurostimulateurs - 350 000 $<\/a>\n\t\t\t\t\t<\/div>\n\t\t\t\t\t<div id=\"elementor-tab-content-1754\" class=\"elementor-tab-content elementor-clearfix\" data-tab=\"4\" role=\"region\" aria-labelledby=\"elementor-tab-title-1754\"><p>La neurostimulation n\u00e9cessite des \u00e9lectrodes personnalis\u00e9es pour stimuler correctement le nerf vague.<\/p>\n<p>Cela inclut :<\/p>\n<ul>\n<li>Moulage<\/li>\n<li>Rendu 3D<\/li>\n<li>Logiciel 3D<\/li>\n<li>\u00c9lectricit\u00e9<\/li>\n<li>Impression de prototypes en composite 3D<\/li>\n<li>Tests<\/li>\n<li>Validation et licence.<\/li>\n<\/ul>\n<\/div>\n\t\t\t\t<\/div>\n\t\t\t\t\t\t\t<div class=\"elementor-accordion-item\">\n\t\t\t\t\t<div id=\"elementor-tab-title-1755\" class=\"elementor-tab-title\" data-tab=\"5\" role=\"button\" aria-controls=\"elementor-tab-content-1755\" aria-expanded=\"false\">\n\t\t\t\t\t\t\t\t\t\t\t\t\t<span class=\"elementor-accordion-icon elementor-accordion-icon-left\" aria-hidden=\"true\">\n\t\t\t\t\t\t\t\t\t\t\t\t\t\t\t<span class=\"elementor-accordion-icon-closed\"><i class=\"fas fa-plus\"><\/i><\/span>\n\t\t\t\t\t\t\t\t<span class=\"elementor-accordion-icon-opened\"><i class=\"fas fa-minus\"><\/i><\/span>\n\t\t\t\t\t\t\t\t\t\t\t\t\t\t<\/span>\n\t\t\t\t\t\t\t\t\t\t\t\t<a class=\"elementor-accordion-title\" tabindex=\"0\">Experts du nerf vague et r\u00e9dacteurs techniques - 600 000 $ <\/a>\n\t\t\t\t\t<\/div>\n\t\t\t\t\t<div id=\"elementor-tab-content-1755\" class=\"elementor-tab-content elementor-clearfix\" data-tab=\"5\" role=\"region\" aria-labelledby=\"elementor-tab-title-1755\"><p>Cela inclut :<\/p>\n<ul>\n<li>Nerf Vagus expert &#8211; partie analytique<\/li>\n<li>Nerf Vagus expert &#8211; partie technique  <\/li>\n<li>Ing\u00e9nieur en informatique<\/li>\n<li>Sp\u00e9cialistes du nerf \u00e0 2 vagues<\/li>\n<li>Soci\u00e9t\u00e9 priv\u00e9e de r\u00e9daction scientifique (s\u00e9lection en cours)<\/li>\n<li>Soci\u00e9t\u00e9 priv\u00e9e pour la maintenance de la base de donn\u00e9es (s\u00e9lection en cours)<\/li>\n<\/ul>\n<\/div>\n\t\t\t\t<\/div>\n\t\t\t\t\t\t\t\t\t\t<script type=\"application\/ld+json\">{\"@context\":\"https:\\\/\\\/schema.org\",\"@type\":\"FAQPage\",\"mainEntity\":[{\"@type\":\"Question\",\"name\":\"\\u00c9quipe de recherche - 650 000 $\",\"acceptedAnswer\":{\"@type\":\"Answer\",\"text\":\"<p>Cela inclut :<\\\/p>\\n<ul>\\n<li>Directeur de la recherche<\\\/li>\\n<li>Assistant de recherche<\\\/li>\\n<li>Responsable de la recherche<\\\/li>\\n<li>\\u00c9quipe de recherche<\\\/li>\\n<li>Soutien aux patients<\\\/li>\\n<\\\/ul>\\n\"}},{\"@type\":\"Question\",\"name\":\"Mat\\u00e9riel de recherche - 650 000 $\",\"acceptedAnswer\":{\"@type\":\"Answer\",\"text\":\"<p>Cela inclut :<\\\/p><ul><li>Ordinateurs et tablettes pour l&#8217;\\u00e9quipe de recherche<\\\/li><li>Neurostimulateurs<\\\/li><li>\\u00c9lectrodes personnalis\\u00e9es pour la stimulation auriculaire<\\\/li><li>Dispositifs ECG (capteurs \\\/ coussins et licence logicielle pour l&#8217;analyse)<\\\/li><li>Serveur nuagique<\\\/li><\\\/ul>\"}},{\"@type\":\"Question\",\"name\":\"Fournitures - 250 000 $\",\"acceptedAnswer\":{\"@type\":\"Answer\",\"text\":\"<p>Cela inclut :<\\\/p>\\n<ul>\\n<li>Gel pour \\u00e9lectrode Spectra 360  <\\\/li>\\n<li>Electrodes pour toutes les s\\u00e9ances\\\/patient (x120)<\\\/li>\\n<li>Piles pour le neurostimulateur<\\\/li>\\n<li>Outils de nettoyage<\\\/li>\\n<\\\/ul>\\n\"}},{\"@type\":\"Question\",\"name\":\"Modification des \\u00e9lectrodes des neurostimulateurs - 350 000 $\",\"acceptedAnswer\":{\"@type\":\"Answer\",\"text\":\"<p>La neurostimulation n\\u00e9cessite des \\u00e9lectrodes personnalis\\u00e9es pour stimuler correctement le nerf vague.<\\\/p>\\n<p>Cela inclut :<\\\/p>\\n<ul>\\n<li>Moulage<\\\/li>\\n<li>Rendu 3D<\\\/li>\\n<li>Logiciel 3D<\\\/li>\\n<li>\\u00c9lectricit\\u00e9<\\\/li>\\n<li>Impression de prototypes en composite 3D<\\\/li>\\n<li>Tests<\\\/li>\\n<li>Validation et licence.<\\\/li>\\n<\\\/ul>\\n\"}},{\"@type\":\"Question\",\"name\":\"Experts du nerf vague et r\\u00e9dacteurs techniques - 600 000 $\",\"acceptedAnswer\":{\"@type\":\"Answer\",\"text\":\"<p>Cela inclut :<\\\/p>\\n<ul>\\n<li>Nerf Vagus expert &#8211; partie analytique<\\\/li>\\n<li>Nerf Vagus expert &#8211; partie technique  <\\\/li>\\n<li>Ing\\u00e9nieur en informatique<\\\/li>\\n<li>Sp\\u00e9cialistes du nerf \\u00e0 2 vagues<\\\/li>\\n<li>Soci\\u00e9t\\u00e9 priv\\u00e9e de r\\u00e9daction scientifique (s\\u00e9lection en cours)<\\\/li>\\n<li>Soci\\u00e9t\\u00e9 priv\\u00e9e pour la maintenance de la base de donn\\u00e9es (s\\u00e9lection en cours)<\\\/li>\\n<\\\/ul>\\n\"}}]}<\/script>\n\t\t\t\t\t<\/div>\n\t\t\t\t\t\t<\/div>\n\t\t\t\t<\/div>\n\t\t\t\t\t<\/div>\n\t\t<\/div>\n\t\t\t\t\t<\/div>\n\t\t<\/section>\n\t\t\t\t<\/div>\n\t\t","protected":false},"excerpt":{"rendered":"<p>Aper\u00e7u des finances. Bienvenue dans l&rsquo;aper\u00e7u financier des essais cliniques de notre fondation sur la stimulation non invasive du nerf vague (nVNS).&nbsp; nVNS&nbsp;est un traitement qui utilise des impulsions \u00e9lectriques pour stimuler le nerf vague.&nbsp; Le nerf vague Il s&rsquo;agit d&rsquo;un nerf cr\u00e2nien qui va du tronc c\u00e9r\u00e9bral \u00e0 l&rsquo;abdomen et joue un r\u00f4le dans<\/p>\n","protected":false},"author":1,"featured_media":2671,"parent":0,"menu_order":0,"comment_status":"closed","ping_status":"closed","template":"","meta":{"_acf_changed":false,"give_campaign_id":0,"_coblocks_attr":"","_coblocks_dimensions":"","_coblocks_responsive_height":"","_coblocks_accordion_ie_support":"","footnotes":""},"class_list":["post-3131","page","type-page","status-publish","has-post-thumbnail","hentry"],"acf":[],"aioseo_notices":[],"campaignId":"","_links":{"self":[{"href":"https:\/\/polarbearfoundation.org\/fr\/wp-json\/wp\/v2\/pages\/3131","targetHints":{"allow":["GET"]}}],"collection":[{"href":"https:\/\/polarbearfoundation.org\/fr\/wp-json\/wp\/v2\/pages"}],"about":[{"href":"https:\/\/polarbearfoundation.org\/fr\/wp-json\/wp\/v2\/types\/page"}],"author":[{"embeddable":true,"href":"https:\/\/polarbearfoundation.org\/fr\/wp-json\/wp\/v2\/users\/1"}],"replies":[{"embeddable":true,"href":"https:\/\/polarbearfoundation.org\/fr\/wp-json\/wp\/v2\/comments?post=3131"}],"version-history":[{"count":0,"href":"https:\/\/polarbearfoundation.org\/fr\/wp-json\/wp\/v2\/pages\/3131\/revisions"}],"wp:featuredmedia":[{"embeddable":true,"href":"https:\/\/polarbearfoundation.org\/fr\/wp-json\/wp\/v2\/media\/2671"}],"wp:attachment":[{"href":"https:\/\/polarbearfoundation.org\/fr\/wp-json\/wp\/v2\/media?parent=3131"}],"curies":[{"name":"wp","href":"https:\/\/api.w.org\/{rel}","templated":true}]}}