{"id":3135,"date":"2022-12-27T18:00:30","date_gmt":"2022-12-27T22:00:30","guid":{"rendered":"https:\/\/polarbearfoundation.org\/quelle-est-la-prochaine-etape\/"},"modified":"2023-01-31T21:21:58","modified_gmt":"2023-02-01T01:21:58","slug":"quelle-est-la-prochaine-etape","status":"publish","type":"page","link":"https:\/\/polarbearfoundation.org\/fr\/quelle-est-la-prochaine-etape\/","title":{"rendered":"Quelle est la prochaine \u00e9tape ?"},"content":{"rendered":"\t\t<div data-elementor-type=\"wp-page\" data-elementor-id=\"3135\" class=\"elementor elementor-3135 elementor-2661\">\n\t\t\t\t\t\t<section class=\"elementor-section elementor-top-section elementor-element elementor-element-b36d045 elementor-section-boxed elementor-section-height-default elementor-section-height-default\" data-id=\"b36d045\" data-element_type=\"section\" data-e-type=\"section\">\n\t\t\t\t\t\t<div class=\"elementor-container elementor-column-gap-default\">\n\t\t\t\t\t<div class=\"elementor-column elementor-col-100 elementor-top-column elementor-element elementor-element-74d5671\" data-id=\"74d5671\" data-element_type=\"column\" data-e-type=\"column\">\n\t\t\t<div class=\"elementor-widget-wrap elementor-element-populated\">\n\t\t\t\t\t\t<div class=\"elementor-element elementor-element-cd1f310 elementor-widget elementor-widget-text-editor\" data-id=\"cd1f310\" data-element_type=\"widget\" data-e-type=\"widget\" data-widget_type=\"text-editor.default\">\n\t\t\t\t<div class=\"elementor-widget-container\">\n\t\t\t\t\t\t\t\t\t<p>Restez \u00e0 l&rsquo;\u00e9coute des mises \u00e0 jour sur nos progr\u00e8s, car nous continuons \u00e0 repousser les limites de la stimulation du nerf vague.<\/p>\n<p>Une fois lanc\u00e9, toutes les deux semaines, nous publierons des mises \u00e0 jour sur notre site web ainsi que sur nos r\u00e9seaux sociaux.<\/p>\n<p>Nous vous remercions de votre soutien et de l&rsquo;int\u00e9r\u00eat que vous portez \u00e0 notre travail.<\/p>\n\t\t\t\t\t\t\t\t<\/div>\n\t\t\t\t<\/div>\n\t\t\t\t\t<\/div>\n\t\t<\/div>\n\t\t\t\t\t<\/div>\n\t\t<\/section>\n\t\t\t\t<\/div>\n\t\t","protected":false},"excerpt":{"rendered":"<p>Restez \u00e0 l&rsquo;\u00e9coute des mises \u00e0 jour sur nos progr\u00e8s, car nous continuons \u00e0 repousser les limites de la stimulation du nerf vague. Une fois lanc\u00e9, toutes les deux semaines, nous publierons des mises \u00e0 jour sur notre site web ainsi que sur nos r\u00e9seaux sociaux. Nous vous remercions de votre soutien et de l&rsquo;int\u00e9r\u00eat<\/p>\n","protected":false},"author":1,"featured_media":2692,"parent":0,"menu_order":0,"comment_status":"closed","ping_status":"closed","template":"","meta":{"_acf_changed":false,"give_campaign_id":0,"_coblocks_attr":"","_coblocks_dimensions":"","_coblocks_responsive_height":"","_coblocks_accordion_ie_support":"","footnotes":""},"class_list":["post-3135","page","type-page","status-publish","has-post-thumbnail","hentry"],"acf":[],"aioseo_notices":[],"campaignId":"","_links":{"self":[{"href":"https:\/\/polarbearfoundation.org\/fr\/wp-json\/wp\/v2\/pages\/3135","targetHints":{"allow":["GET"]}}],"collection":[{"href":"https:\/\/polarbearfoundation.org\/fr\/wp-json\/wp\/v2\/pages"}],"about":[{"href":"https:\/\/polarbearfoundation.org\/fr\/wp-json\/wp\/v2\/types\/page"}],"author":[{"embeddable":true,"href":"https:\/\/polarbearfoundation.org\/fr\/wp-json\/wp\/v2\/users\/1"}],"replies":[{"embeddable":true,"href":"https:\/\/polarbearfoundation.org\/fr\/wp-json\/wp\/v2\/comments?post=3135"}],"version-history":[{"count":0,"href":"https:\/\/polarbearfoundation.org\/fr\/wp-json\/wp\/v2\/pages\/3135\/revisions"}],"wp:featuredmedia":[{"embeddable":true,"href":"https:\/\/polarbearfoundation.org\/fr\/wp-json\/wp\/v2\/media\/2692"}],"wp:attachment":[{"href":"https:\/\/polarbearfoundation.org\/fr\/wp-json\/wp\/v2\/media?parent=3135"}],"curies":[{"name":"wp","href":"https:\/\/api.w.org\/{rel}","templated":true}]}}